{"id":11094,"date":"2024-12-11T20:25:42","date_gmt":"2024-12-11T12:25:42","guid":{"rendered":"https:\/\/u-safe.net\/?post_type=product&#038;p=11094"},"modified":"2025-01-13T15:05:05","modified_gmt":"2025-01-13T07:05:05","slug":"tpu-apron","status":"publish","type":"product","link":"https:\/\/u-safe.net\/pt\/produto\/tpu-apron\/","title":{"rendered":"Avental em TPU"},"content":{"rendered":"<div data-elementor-type=\"wp-post\" data-elementor-id=\"11094\" class=\"elementor elementor-11094\">\n\t\t\t\t<div class=\"wd-negative-gap elementor-element elementor-element-beb6e72 e-flex e-con-boxed e-con e-parent\" data-id=\"beb6e72\" data-element_type=\"container\" data-e-type=\"container\">\n\t\t\t\t\t<div class=\"e-con-inner\">\n\t\t\t\t<div class=\"elementor-element elementor-element-67edb45 elementor-widget elementor-widget-wd_text_block\" data-id=\"67edb45\" data-element_type=\"widget\" data-e-type=\"widget\" data-widget_type=\"wd_text_block.default\">\n\t\t\t\t<div class=\"elementor-widget-container\">\n\t\t\t\t\t\t\t<div class=\"wd-text-block reset-last-child text-left\">\n\t\t\t\n\t\t\t<ul><li>Ideal para a ind\u00fastria de transforma\u00e7\u00e3o de carne e alimentos<\/li><li>Resistente a \u00f3leos e gorduras animais<\/li><li>Ajust\u00e1vel a todos os utilizadores, com ilh\u00f3s e fechos duplos para garantir a sua substitui\u00e7\u00e3o<\/li><li>Superf\u00edcie extremamente higi\u00e9nica e sem poros<\/li><li>Sem base t\u00eaxtil com material flex\u00edvel e leve<\/li><li>Cor dispon\u00edvel: vermelho\/azul\/branco\/amarelo<\/li><li>Estilo: Unity ou Hooket<\/li><\/ul>\n\t\t\t\t\t<\/div>\n\t\t\t\t\t\t<\/div>\n\t\t\t\t<\/div>\n\t\t\t\t\t<\/div>\n\t\t\t\t<\/div>\n\t\t\t\t<\/div>","protected":false},"excerpt":{"rendered":"<ul>\n<li>Ideal para a ind\u00fastria de transforma\u00e7\u00e3o de carne e alimentos<\/li>\n<li>Resistente a \u00f3leos e gorduras animais<\/li>\n<li>Ajust\u00e1vel a todos os utilizadores, com ilh\u00f3s e fechos duplos para garantir a sua substitui\u00e7\u00e3o<\/li>\n<li>Superf\u00edcie extremamente higi\u00e9nica e sem poros<\/li>\n<li>Sem base t\u00eaxtil com material flex\u00edvel e leve<\/li>\n<li>Cor dispon\u00edvel: vermelho\/azul\/branco\/amarelo<\/li>\n<li>Estilo: Unity ou Hooket<\/li>\n<\/ul>","protected":false},"featured_media":11287,"template":"","meta":[],"product_brand":[],"product_cat":[126],"product_tag":[],"class_list":{"0":"post-11094","1":"product","2":"type-product","3":"status-publish","4":"has-post-thumbnail","6":"product_cat-accessories","8":"first","9":"instock","10":"shipping-taxable","11":"product-type-simple"},"_links":{"self":[{"href":"https:\/\/u-safe.net\/pt\/wp-json\/wp\/v2\/product\/11094","targetHints":{"allow":["GET"]}}],"collection":[{"href":"https:\/\/u-safe.net\/pt\/wp-json\/wp\/v2\/product"}],"about":[{"href":"https:\/\/u-safe.net\/pt\/wp-json\/wp\/v2\/types\/product"}],"version-history":[{"count":22,"href":"https:\/\/u-safe.net\/pt\/wp-json\/wp\/v2\/product\/11094\/revisions"}],"predecessor-version":[{"id":12215,"href":"https:\/\/u-safe.net\/pt\/wp-json\/wp\/v2\/product\/11094\/revisions\/12215"}],"wp:featuredmedia":[{"embeddable":true,"href":"https:\/\/u-safe.net\/pt\/wp-json\/wp\/v2\/media\/11287"}],"wp:attachment":[{"href":"https:\/\/u-safe.net\/pt\/wp-json\/wp\/v2\/media?parent=11094"}],"wp:term":[{"taxonomy":"product_brand","embeddable":true,"href":"https:\/\/u-safe.net\/pt\/wp-json\/wp\/v2\/product_brand?post=11094"},{"taxonomy":"product_cat","embeddable":true,"href":"https:\/\/u-safe.net\/pt\/wp-json\/wp\/v2\/product_cat?post=11094"},{"taxonomy":"product_tag","embeddable":true,"href":"https:\/\/u-safe.net\/pt\/wp-json\/wp\/v2\/product_tag?post=11094"}],"curies":[{"name":"wp","href":"https:\/\/api.w.org\/{rel}","templated":true}]}}