{"id":11080,"date":"2024-12-11T19:50:08","date_gmt":"2024-12-11T11:50:08","guid":{"rendered":"https:\/\/u-safe.net\/?post_type=product&#038;p=11080"},"modified":"2025-01-11T21:02:23","modified_gmt":"2025-01-11T13:02:23","slug":"butchers-chain-mail-apron","status":"publish","type":"product","link":"https:\/\/u-safe.net\/pt\/produto\/butchers-chain-mail-apron\/","title":{"rendered":"Avental de cota de malha"},"content":{"rendered":"<div data-elementor-type=\"wp-post\" data-elementor-id=\"11080\" class=\"elementor elementor-11080\">\n\t\t\t\t<div class=\"wd-negative-gap elementor-element elementor-element-b16242f e-flex e-con-boxed e-con e-parent\" data-id=\"b16242f\" data-element_type=\"container\" data-e-type=\"container\">\n\t\t\t\t\t<div class=\"e-con-inner\">\n\t\t\t\t<div class=\"elementor-element elementor-element-73988d8 elementor-widget elementor-widget-wd_text_block\" data-id=\"73988d8\" data-element_type=\"widget\" data-e-type=\"widget\" data-widget_type=\"wd_text_block.default\">\n\t\t\t\t<div class=\"elementor-widget-container\">\n\t\t\t\t\t\t\t<div class=\"wd-text-block reset-last-child text-left\">\n\t\t\t\n\t\t\t<ul><li>Certifica\u00e7\u00e3o CE<\/li><li>Est\u00e3o dispon\u00edveis em a\u00e7o inoxid\u00e1vel detet\u00e1vel e indetet\u00e1vel<\/li><li>Totalmente fabricado em a\u00e7o inoxid\u00e1vel para uma maior higiene<\/li><li>Proporciona uma cobertura extensiva do peito, do tronco e das pernas<\/li><li>Al\u00e7as el\u00e1sticas ajust\u00e1veis em cruz<\/li><li>Altamente flex\u00edvel, leve e dur\u00e1vel<\/li><li>Adapta-se exatamente ao tamanho espec\u00edfico do seu corpo para garantir o conforto<\/li><li>Gama completa de tamanhos, podem ser personalizados tamanhos especiais<\/li><\/ul>\n\t\t\t\t\t<\/div>\n\t\t\t\t\t\t<\/div>\n\t\t\t\t<\/div>\n\t\t\t\t\t<\/div>\n\t\t\t\t<\/div>\n\t\t\t\t<\/div>","protected":false},"excerpt":{"rendered":"<ul>\n<li>Certifica\u00e7\u00e3o CE<\/li>\n<li>Est\u00e3o dispon\u00edveis em a\u00e7o inoxid\u00e1vel detet\u00e1vel e indetet\u00e1vel<\/li>\n<li>Totalmente fabricado em a\u00e7o inoxid\u00e1vel para uma maior higiene<\/li>\n<li>Proporciona uma cobertura extensiva do peito, do tronco e das pernas<\/li>\n<li>Al\u00e7as el\u00e1sticas ajust\u00e1veis em cruz<\/li>\n<li>Altamente flex\u00edvel, leve e dur\u00e1vel<\/li>\n<li>Adapta-se exatamente ao tamanho espec\u00edfico do seu corpo para garantir o conforto<\/li>\n<li>Gama completa de tamanhos, podem ser personalizados tamanhos especiais<\/li>\n<\/ul>","protected":false},"featured_media":11327,"template":"","meta":[],"product_brand":[],"product_cat":[122],"product_tag":[],"class_list":{"0":"post-11080","1":"product","2":"type-product","3":"status-publish","4":"has-post-thumbnail","6":"product_cat-stainless-steel-mesh-aprons-boleros","8":"first","9":"instock","10":"featured","11":"shipping-taxable","12":"product-type-simple"},"_links":{"self":[{"href":"https:\/\/u-safe.net\/pt\/wp-json\/wp\/v2\/product\/11080","targetHints":{"allow":["GET"]}}],"collection":[{"href":"https:\/\/u-safe.net\/pt\/wp-json\/wp\/v2\/product"}],"about":[{"href":"https:\/\/u-safe.net\/pt\/wp-json\/wp\/v2\/types\/product"}],"version-history":[{"count":17,"href":"https:\/\/u-safe.net\/pt\/wp-json\/wp\/v2\/product\/11080\/revisions"}],"predecessor-version":[{"id":12162,"href":"https:\/\/u-safe.net\/pt\/wp-json\/wp\/v2\/product\/11080\/revisions\/12162"}],"wp:featuredmedia":[{"embeddable":true,"href":"https:\/\/u-safe.net\/pt\/wp-json\/wp\/v2\/media\/11327"}],"wp:attachment":[{"href":"https:\/\/u-safe.net\/pt\/wp-json\/wp\/v2\/media?parent=11080"}],"wp:term":[{"taxonomy":"product_brand","embeddable":true,"href":"https:\/\/u-safe.net\/pt\/wp-json\/wp\/v2\/product_brand?post=11080"},{"taxonomy":"product_cat","embeddable":true,"href":"https:\/\/u-safe.net\/pt\/wp-json\/wp\/v2\/product_cat?post=11080"},{"taxonomy":"product_tag","embeddable":true,"href":"https:\/\/u-safe.net\/pt\/wp-json\/wp\/v2\/product_tag?post=11080"}],"curies":[{"name":"wp","href":"https:\/\/api.w.org\/{rel}","templated":true}]}}