{"id":11072,"date":"2024-12-11T15:43:42","date_gmt":"2024-12-11T07:43:42","guid":{"rendered":"https:\/\/u-safe.net\/?post_type=product&#038;p=11072"},"modified":"2025-01-11T15:29:35","modified_gmt":"2025-01-11T07:29:35","slug":"foot-cover","status":"publish","type":"product","link":"https:\/\/u-safe.net\/pt\/produto\/foot-cover\/","title":{"rendered":"Cobertura para os p\u00e9s"},"content":{"rendered":"<div data-elementor-type=\"wp-post\" data-elementor-id=\"11072\" class=\"elementor elementor-11072\">\n\t\t\t\t<div class=\"wd-negative-gap elementor-element elementor-element-25d364e e-flex e-con-boxed e-con e-parent\" data-id=\"25d364e\" data-element_type=\"container\" data-e-type=\"container\">\n\t\t\t\t\t<div class=\"e-con-inner\">\n\t\t\t\t<div class=\"elementor-element elementor-element-83607bd elementor-widget elementor-widget-wd_text_block\" data-id=\"83607bd\" data-element_type=\"widget\" data-e-type=\"widget\" data-widget_type=\"wd_text_block.default\">\n\t\t\t\t<div class=\"elementor-widget-container\">\n\t\t\t\t\t\t\t<div class=\"wd-text-block reset-last-child text-left\">\n\t\t\t\n\t\t\t<ul><li>Est\u00e3o dispon\u00edveis em a\u00e7o inoxid\u00e1vel detet\u00e1vel e indetet\u00e1vel<\/li><li>Fabricado em a\u00e7o inoxid\u00e1vel para proporcionar prote\u00e7\u00e3o contra riscos mec\u00e2nicos<\/li><li>O design entrela\u00e7ado 4 em 1 permite a livre circula\u00e7\u00e3o dos p\u00e9s<\/li><li>Apoio f\u00edsico com o uso de p\u00e9s descal\u00e7os<\/li><\/ul>\n\t\t\t\t\t<\/div>\n\t\t\t\t\t\t<\/div>\n\t\t\t\t<\/div>\n\t\t\t\t\t<\/div>\n\t\t\t\t<\/div>\n\t\t\t\t<\/div>","protected":false},"excerpt":{"rendered":"<ul>\n<li>Est\u00e3o dispon\u00edveis em a\u00e7o inoxid\u00e1vel detet\u00e1vel e indetet\u00e1vel<\/li>\n<li>Fabricado em a\u00e7o inoxid\u00e1vel para proporcionar prote\u00e7\u00e3o contra riscos mec\u00e2nicos<\/li>\n<li>O design entrela\u00e7ado 4 em 1 permite a livre circula\u00e7\u00e3o dos p\u00e9s<\/li>\n<li>Apoio f\u00edsico com o uso de p\u00e9s descal\u00e7os<\/li>\n<\/ul>","protected":false},"featured_media":11274,"template":"","meta":[],"product_brand":[],"product_cat":[125],"product_tag":[],"class_list":{"0":"post-11072","1":"product","2":"type-product","3":"status-publish","4":"has-post-thumbnail","6":"product_cat-stainless-steel-ring-mesh-other-products","8":"first","9":"instock","10":"shipping-taxable","11":"product-type-simple"},"_links":{"self":[{"href":"https:\/\/u-safe.net\/pt\/wp-json\/wp\/v2\/product\/11072","targetHints":{"allow":["GET"]}}],"collection":[{"href":"https:\/\/u-safe.net\/pt\/wp-json\/wp\/v2\/product"}],"about":[{"href":"https:\/\/u-safe.net\/pt\/wp-json\/wp\/v2\/types\/product"}],"version-history":[{"count":6,"href":"https:\/\/u-safe.net\/pt\/wp-json\/wp\/v2\/product\/11072\/revisions"}],"predecessor-version":[{"id":12132,"href":"https:\/\/u-safe.net\/pt\/wp-json\/wp\/v2\/product\/11072\/revisions\/12132"}],"wp:featuredmedia":[{"embeddable":true,"href":"https:\/\/u-safe.net\/pt\/wp-json\/wp\/v2\/media\/11274"}],"wp:attachment":[{"href":"https:\/\/u-safe.net\/pt\/wp-json\/wp\/v2\/media?parent=11072"}],"wp:term":[{"taxonomy":"product_brand","embeddable":true,"href":"https:\/\/u-safe.net\/pt\/wp-json\/wp\/v2\/product_brand?post=11072"},{"taxonomy":"product_cat","embeddable":true,"href":"https:\/\/u-safe.net\/pt\/wp-json\/wp\/v2\/product_cat?post=11072"},{"taxonomy":"product_tag","embeddable":true,"href":"https:\/\/u-safe.net\/pt\/wp-json\/wp\/v2\/product_tag?post=11072"}],"curies":[{"name":"wp","href":"https:\/\/api.w.org\/{rel}","templated":true}]}}