{"id":11067,"date":"2024-12-11T15:37:06","date_gmt":"2024-12-11T07:37:06","guid":{"rendered":"https:\/\/u-safe.net\/?post_type=product&#038;p=11067"},"modified":"2025-01-11T21:04:11","modified_gmt":"2025-01-11T13:04:11","slug":"arm-guard","status":"publish","type":"product","link":"https:\/\/u-safe.net\/pt\/produto\/arm-guard\/","title":{"rendered":"Protetor de bra\u00e7os"},"content":{"rendered":"<div data-elementor-type=\"wp-post\" data-elementor-id=\"11067\" class=\"elementor elementor-11067\">\n\t\t\t\t<div class=\"wd-negative-gap elementor-element elementor-element-5741f91 e-flex e-con-boxed e-con e-parent\" data-id=\"5741f91\" data-element_type=\"container\" data-e-type=\"container\">\n\t\t\t\t\t<div class=\"e-con-inner\">\n\t\t\t\t<div class=\"elementor-element elementor-element-5004435 elementor-widget elementor-widget-wd_text_block\" data-id=\"5004435\" data-element_type=\"widget\" data-e-type=\"widget\" data-widget_type=\"wd_text_block.default\">\n\t\t\t\t<div class=\"elementor-widget-container\">\n\t\t\t\t\t\t\t<div class=\"wd-text-block reset-last-child text-left\">\n\t\t\t\n\t\t\t<ul><li>Est\u00e3o dispon\u00edveis em a\u00e7o inoxid\u00e1vel detet\u00e1vel e indetet\u00e1vel<\/li><li>Totalmente fabricado em a\u00e7o inoxid\u00e1vel para uma maior higiene<\/li><li>Proporcionam uma prote\u00e7\u00e3o total do bra\u00e7o e do ombro<\/li><li>Design c\u00f3nico para maior conforto debaixo do bra\u00e7o<\/li><li>Altamente flex\u00edvel, leve e dur\u00e1vel<\/li><li>Ambidestro para um ajuste exato a um tamanho espec\u00edfico<\/li><\/ul>\n\t\t\t\t\t<\/div>\n\t\t\t\t\t\t<\/div>\n\t\t\t\t<\/div>\n\t\t\t\t\t<\/div>\n\t\t\t\t<\/div>\n\t\t\t\t<\/div>","protected":false},"excerpt":{"rendered":"<ul>\n<li>Est\u00e3o dispon\u00edveis em a\u00e7o inoxid\u00e1vel detet\u00e1vel e indetet\u00e1vel<\/li>\n<li>Totalmente fabricado em a\u00e7o inoxid\u00e1vel para uma maior higiene<\/li>\n<li>Proporcionam uma prote\u00e7\u00e3o total do bra\u00e7o e do ombro<\/li>\n<li>Design c\u00f3nico para maior conforto debaixo do bra\u00e7o<\/li>\n<li>Altamente flex\u00edvel, leve e dur\u00e1vel<\/li>\n<li>Ambidestro para um ajuste exato a um tamanho espec\u00edfico<\/li>\n<\/ul>","protected":false},"featured_media":11279,"template":"","meta":[],"product_brand":[],"product_cat":[122],"product_tag":[],"class_list":{"0":"post-11067","1":"product","2":"type-product","3":"status-publish","4":"has-post-thumbnail","6":"product_cat-stainless-steel-mesh-aprons-boleros","8":"first","9":"instock","10":"featured","11":"shipping-taxable","12":"product-type-simple"},"_links":{"self":[{"href":"https:\/\/u-safe.net\/pt\/wp-json\/wp\/v2\/product\/11067","targetHints":{"allow":["GET"]}}],"collection":[{"href":"https:\/\/u-safe.net\/pt\/wp-json\/wp\/v2\/product"}],"about":[{"href":"https:\/\/u-safe.net\/pt\/wp-json\/wp\/v2\/types\/product"}],"version-history":[{"count":12,"href":"https:\/\/u-safe.net\/pt\/wp-json\/wp\/v2\/product\/11067\/revisions"}],"predecessor-version":[{"id":12166,"href":"https:\/\/u-safe.net\/pt\/wp-json\/wp\/v2\/product\/11067\/revisions\/12166"}],"wp:featuredmedia":[{"embeddable":true,"href":"https:\/\/u-safe.net\/pt\/wp-json\/wp\/v2\/media\/11279"}],"wp:attachment":[{"href":"https:\/\/u-safe.net\/pt\/wp-json\/wp\/v2\/media?parent=11067"}],"wp:term":[{"taxonomy":"product_brand","embeddable":true,"href":"https:\/\/u-safe.net\/pt\/wp-json\/wp\/v2\/product_brand?post=11067"},{"taxonomy":"product_cat","embeddable":true,"href":"https:\/\/u-safe.net\/pt\/wp-json\/wp\/v2\/product_cat?post=11067"},{"taxonomy":"product_tag","embeddable":true,"href":"https:\/\/u-safe.net\/pt\/wp-json\/wp\/v2\/product_tag?post=11067"}],"curies":[{"name":"wp","href":"https:\/\/api.w.org\/{rel}","templated":true}]}}