{"id":11064,"date":"2024-12-11T15:36:30","date_gmt":"2024-12-11T07:36:30","guid":{"rendered":"https:\/\/u-safe.net\/?post_type=product&#038;p=11064"},"modified":"2025-01-11T18:33:27","modified_gmt":"2025-01-11T10:33:27","slug":"ring-mesh-material-kneelet","status":"publish","type":"product","link":"https:\/\/u-safe.net\/pt\/produto\/ring-mesh-material-kneelet\/","title":{"rendered":"Joelheira"},"content":{"rendered":"<div data-elementor-type=\"wp-post\" data-elementor-id=\"11064\" class=\"elementor elementor-11064\">\n\t\t\t\t<div class=\"wd-negative-gap elementor-element elementor-element-17db26f e-flex e-con-boxed e-con e-parent\" data-id=\"17db26f\" data-element_type=\"container\" data-e-type=\"container\">\n\t\t\t\t\t<div class=\"e-con-inner\">\n\t\t\t\t<div class=\"elementor-element elementor-element-fa2cac0 elementor-widget elementor-widget-wd_text_block\" data-id=\"fa2cac0\" data-element_type=\"widget\" data-e-type=\"widget\" data-widget_type=\"wd_text_block.default\">\n\t\t\t\t<div class=\"elementor-widget-container\">\n\t\t\t\t\t\t\t<div class=\"wd-text-block reset-last-child text-left\">\n\t\t\t\n\t\t\t<ul><li>Est\u00e3o dispon\u00edveis em a\u00e7o inoxid\u00e1vel detet\u00e1vel e indetet\u00e1vel<\/li><li>Totalmente fabricado em a\u00e7o inoxid\u00e1vel para uma maior higiene<\/li><li>Proporcionam uma prote\u00e7\u00e3o de alto n\u00edvel contra o corte do joelho<\/li><li>Altamente flex\u00edvel, leve e dur\u00e1vel<\/li><li>Cintas ajust\u00e1veis para uma fixa\u00e7\u00e3o e liberta\u00e7\u00e3o f\u00e1ceis<\/li><\/ul>\n\t\t\t\t\t<\/div>\n\t\t\t\t\t\t<\/div>\n\t\t\t\t<\/div>\n\t\t\t\t\t<\/div>\n\t\t\t\t<\/div>\n\t\t\t\t<\/div>","protected":false},"excerpt":{"rendered":"<ul>\n<li>Est\u00e3o dispon\u00edveis em a\u00e7o inoxid\u00e1vel detet\u00e1vel e indetet\u00e1vel<\/li>\n<li>Totalmente fabricado em a\u00e7o inoxid\u00e1vel para uma maior higiene<\/li>\n<li>Proporcionam uma prote\u00e7\u00e3o de alto n\u00edvel contra o corte do joelho<\/li>\n<li>Altamente flex\u00edvel, leve e dur\u00e1vel<\/li>\n<li>Cintas ajust\u00e1veis para uma fixa\u00e7\u00e3o e liberta\u00e7\u00e3o f\u00e1ceis<\/li>\n<\/ul>","protected":false},"featured_media":11065,"template":"","meta":[],"product_brand":[],"product_cat":[125],"product_tag":[],"class_list":{"0":"post-11064","1":"product","2":"type-product","3":"status-publish","4":"has-post-thumbnail","6":"product_cat-stainless-steel-ring-mesh-other-products","8":"first","9":"instock","10":"shipping-taxable","11":"product-type-simple"},"_links":{"self":[{"href":"https:\/\/u-safe.net\/pt\/wp-json\/wp\/v2\/product\/11064","targetHints":{"allow":["GET"]}}],"collection":[{"href":"https:\/\/u-safe.net\/pt\/wp-json\/wp\/v2\/product"}],"about":[{"href":"https:\/\/u-safe.net\/pt\/wp-json\/wp\/v2\/types\/product"}],"version-history":[{"count":8,"href":"https:\/\/u-safe.net\/pt\/wp-json\/wp\/v2\/product\/11064\/revisions"}],"predecessor-version":[{"id":12153,"href":"https:\/\/u-safe.net\/pt\/wp-json\/wp\/v2\/product\/11064\/revisions\/12153"}],"wp:featuredmedia":[{"embeddable":true,"href":"https:\/\/u-safe.net\/pt\/wp-json\/wp\/v2\/media\/11065"}],"wp:attachment":[{"href":"https:\/\/u-safe.net\/pt\/wp-json\/wp\/v2\/media?parent=11064"}],"wp:term":[{"taxonomy":"product_brand","embeddable":true,"href":"https:\/\/u-safe.net\/pt\/wp-json\/wp\/v2\/product_brand?post=11064"},{"taxonomy":"product_cat","embeddable":true,"href":"https:\/\/u-safe.net\/pt\/wp-json\/wp\/v2\/product_cat?post=11064"},{"taxonomy":"product_tag","embeddable":true,"href":"https:\/\/u-safe.net\/pt\/wp-json\/wp\/v2\/product_tag?post=11064"}],"curies":[{"name":"wp","href":"https:\/\/api.w.org\/{rel}","templated":true}]}}