{"id":11059,"date":"2024-12-11T15:21:29","date_gmt":"2024-12-11T07:21:29","guid":{"rendered":"https:\/\/u-safe.net\/?post_type=product&#038;p=11059"},"modified":"2025-01-11T18:32:01","modified_gmt":"2025-01-11T10:32:01","slug":"chainmail-costume-bolero-vest","status":"publish","type":"product","link":"https:\/\/u-safe.net\/pt\/produto\/chainmail-costume-bolero-vest\/","title":{"rendered":"Colete bolero"},"content":{"rendered":"<div data-elementor-type=\"wp-post\" data-elementor-id=\"11059\" class=\"elementor elementor-11059\">\n\t\t\t\t<div class=\"wd-negative-gap elementor-element elementor-element-55a99cd e-flex e-con-boxed e-con e-parent\" data-id=\"55a99cd\" data-element_type=\"container\" data-e-type=\"container\">\n\t\t\t\t\t<div class=\"e-con-inner\">\n\t\t\t\t<div class=\"elementor-element elementor-element-f1b4f65 elementor-widget elementor-widget-wd_text_block\" data-id=\"f1b4f65\" data-element_type=\"widget\" data-e-type=\"widget\" data-widget_type=\"wd_text_block.default\">\n\t\t\t\t<div class=\"elementor-widget-container\">\n\t\t\t\t\t\t\t<div class=\"wd-text-block reset-last-child text-left\">\n\t\t\t\n\t\t\t<ul><li>Est\u00e3o dispon\u00edveis em a\u00e7o inoxid\u00e1vel detet\u00e1vel e indetet\u00e1vel<\/li><li>Totalmente fabricado em a\u00e7o inoxid\u00e1vel para uma maior higiene<\/li><li>Proporcionam uma cobertura alargada dos ombros, do peito e da parte superior das pernas<\/li><li>Altamente flex\u00edvel, leve e dur\u00e1vel<\/li><li>O tamanho \u00e0 medida para vestu\u00e1rio de fitness<\/li><\/ul>\n\t\t\t\t\t<\/div>\n\t\t\t\t\t\t<\/div>\n\t\t\t\t<\/div>\n\t\t\t\t\t<\/div>\n\t\t\t\t<\/div>\n\t\t\t\t<\/div>","protected":false},"excerpt":{"rendered":"<ul>\n<li>Est\u00e3o dispon\u00edveis em a\u00e7o inoxid\u00e1vel detet\u00e1vel e indetet\u00e1vel<\/li>\n<li>Totalmente fabricado em a\u00e7o inoxid\u00e1vel para uma maior higiene<\/li>\n<li>Proporcionam uma cobertura alargada dos ombros, do peito e da parte superior das pernas<\/li>\n<li>Altamente flex\u00edvel, leve e dur\u00e1vel<\/li>\n<li>O tamanho \u00e0 medida para vestu\u00e1rio de fitness<\/li>\n<\/ul>","protected":false},"featured_media":11457,"template":"","meta":[],"product_brand":[],"product_cat":[124],"product_tag":[],"class_list":{"0":"post-11059","1":"product","2":"type-product","3":"status-publish","4":"has-post-thumbnail","6":"product_cat-stainless-steel-mesh-long-sleeve-vest","8":"first","9":"instock","10":"shipping-taxable","11":"product-type-simple"},"_links":{"self":[{"href":"https:\/\/u-safe.net\/pt\/wp-json\/wp\/v2\/product\/11059","targetHints":{"allow":["GET"]}}],"collection":[{"href":"https:\/\/u-safe.net\/pt\/wp-json\/wp\/v2\/product"}],"about":[{"href":"https:\/\/u-safe.net\/pt\/wp-json\/wp\/v2\/types\/product"}],"version-history":[{"count":11,"href":"https:\/\/u-safe.net\/pt\/wp-json\/wp\/v2\/product\/11059\/revisions"}],"predecessor-version":[{"id":12150,"href":"https:\/\/u-safe.net\/pt\/wp-json\/wp\/v2\/product\/11059\/revisions\/12150"}],"wp:featuredmedia":[{"embeddable":true,"href":"https:\/\/u-safe.net\/pt\/wp-json\/wp\/v2\/media\/11457"}],"wp:attachment":[{"href":"https:\/\/u-safe.net\/pt\/wp-json\/wp\/v2\/media?parent=11059"}],"wp:term":[{"taxonomy":"product_brand","embeddable":true,"href":"https:\/\/u-safe.net\/pt\/wp-json\/wp\/v2\/product_brand?post=11059"},{"taxonomy":"product_cat","embeddable":true,"href":"https:\/\/u-safe.net\/pt\/wp-json\/wp\/v2\/product_cat?post=11059"},{"taxonomy":"product_tag","embeddable":true,"href":"https:\/\/u-safe.net\/pt\/wp-json\/wp\/v2\/product_tag?post=11059"}],"curies":[{"name":"wp","href":"https:\/\/api.w.org\/{rel}","templated":true}]}}