{"id":11047,"date":"2024-12-11T14:38:50","date_gmt":"2024-12-11T06:38:50","guid":{"rendered":"https:\/\/u-safe.net\/?post_type=product&#038;p=11047"},"modified":"2025-01-11T18:29:49","modified_gmt":"2025-01-11T10:29:49","slug":"long-sleeve-chain-clothing","status":"publish","type":"product","link":"https:\/\/u-safe.net\/pt\/produto\/long-sleeve-chain-clothing\/","title":{"rendered":"Camisa de manga comprida com corrente"},"content":{"rendered":"<div data-elementor-type=\"wp-post\" data-elementor-id=\"11047\" class=\"elementor elementor-11047\">\n\t\t\t\t<div class=\"wd-negative-gap elementor-element elementor-element-1fae288 e-flex e-con-boxed e-con e-parent\" data-id=\"1fae288\" data-element_type=\"container\" data-e-type=\"container\">\n\t\t\t\t\t<div class=\"e-con-inner\">\n\t\t\t\t<div class=\"elementor-element elementor-element-bbad88b elementor-widget elementor-widget-wd_text_block\" data-id=\"bbad88b\" data-element_type=\"widget\" data-e-type=\"widget\" data-widget_type=\"wd_text_block.default\">\n\t\t\t\t<div class=\"elementor-widget-container\">\n\t\t\t\t\t\t\t<div class=\"wd-text-block reset-last-child text-left\">\n\t\t\t\n\t\t\t<ul><li>Est\u00e3o dispon\u00edveis em a\u00e7o inoxid\u00e1vel detet\u00e1vel e indetet\u00e1vel<\/li><li>Totalmente fabricado em a\u00e7o inoxid\u00e1vel para uma maior higiene<\/li><li>Proporcionam uma cobertura alargada do bra\u00e7o, do peito e da parte superior do corpo<\/li><li>Altamente flex\u00edvel, leve e dur\u00e1vel<\/li><li>Fabricado em conformidade com a norma EN 13998:2003<\/li><\/ul>\n\t\t\t\t\t<\/div>\n\t\t\t\t\t\t<\/div>\n\t\t\t\t<\/div>\n\t\t\t\t\t<\/div>\n\t\t\t\t<\/div>\n\t\t\t\t<\/div>","protected":false},"excerpt":{"rendered":"<ul>\n<li>Est\u00e3o dispon\u00edveis em a\u00e7o inoxid\u00e1vel detet\u00e1vel e indetet\u00e1vel<\/li>\n<li>Totalmente fabricado em a\u00e7o inoxid\u00e1vel para uma maior higiene<\/li>\n<li>Proporcionam uma cobertura alargada do bra\u00e7o, do peito e da parte superior do corpo<\/li>\n<li>Altamente flex\u00edvel, leve e dur\u00e1vel<\/li>\n<li>Fabricado em conformidade com a norma EN 13998:2003<\/li>\n<\/ul>","protected":false},"featured_media":11715,"template":"","meta":[],"product_brand":[],"product_cat":[124],"product_tag":[],"class_list":{"0":"post-11047","1":"product","2":"type-product","3":"status-publish","4":"has-post-thumbnail","6":"product_cat-stainless-steel-mesh-long-sleeve-vest","8":"first","9":"instock","10":"featured","11":"shipping-taxable","12":"product-type-simple"},"_links":{"self":[{"href":"https:\/\/u-safe.net\/pt\/wp-json\/wp\/v2\/product\/11047","targetHints":{"allow":["GET"]}}],"collection":[{"href":"https:\/\/u-safe.net\/pt\/wp-json\/wp\/v2\/product"}],"about":[{"href":"https:\/\/u-safe.net\/pt\/wp-json\/wp\/v2\/types\/product"}],"version-history":[{"count":13,"href":"https:\/\/u-safe.net\/pt\/wp-json\/wp\/v2\/product\/11047\/revisions"}],"predecessor-version":[{"id":12146,"href":"https:\/\/u-safe.net\/pt\/wp-json\/wp\/v2\/product\/11047\/revisions\/12146"}],"wp:featuredmedia":[{"embeddable":true,"href":"https:\/\/u-safe.net\/pt\/wp-json\/wp\/v2\/media\/11715"}],"wp:attachment":[{"href":"https:\/\/u-safe.net\/pt\/wp-json\/wp\/v2\/media?parent=11047"}],"wp:term":[{"taxonomy":"product_brand","embeddable":true,"href":"https:\/\/u-safe.net\/pt\/wp-json\/wp\/v2\/product_brand?post=11047"},{"taxonomy":"product_cat","embeddable":true,"href":"https:\/\/u-safe.net\/pt\/wp-json\/wp\/v2\/product_cat?post=11047"},{"taxonomy":"product_tag","embeddable":true,"href":"https:\/\/u-safe.net\/pt\/wp-json\/wp\/v2\/product_tag?post=11047"}],"curies":[{"name":"wp","href":"https:\/\/api.w.org\/{rel}","templated":true}]}}