{"id":10822,"date":"2024-12-07T11:31:40","date_gmt":"2024-12-07T03:31:40","guid":{"rendered":"https:\/\/u-safe.net\/?post_type=product&#038;p=10822"},"modified":"2025-01-10T14:08:37","modified_gmt":"2025-01-10T06:08:37","slug":"five-finger-glove-with-extended-cuff-spring-strap","status":"publish","type":"product","link":"https:\/\/u-safe.net\/pt\/produto\/five-finger-glove-with-extended-cuff-spring-strap\/","title":{"rendered":"Luva de Cinco Dedos com Punho Alargado Correia de Mola"},"content":{"rendered":"<div data-elementor-type=\"wp-post\" data-elementor-id=\"10822\" class=\"elementor elementor-10822\">\n\t\t\t\t<div class=\"wd-negative-gap elementor-element elementor-element-2624da0 e-flex e-con-boxed e-con e-parent\" data-id=\"2624da0\" data-element_type=\"container\" data-e-type=\"container\">\n\t\t\t\t\t<div class=\"e-con-inner\">\n\t\t\t\t<div class=\"elementor-element elementor-element-b997c0f elementor-widget elementor-widget-wd_text_block\" data-id=\"b997c0f\" data-element_type=\"widget\" data-e-type=\"widget\" data-widget_type=\"wd_text_block.default\">\n\t\t\t\t<div class=\"elementor-widget-container\">\n\t\t\t\t\t\t\t<div class=\"wd-text-block reset-last-child text-left\">\n\t\t\t\n\t\t\t<ul><li>Est\u00e3o dispon\u00edveis em a\u00e7o inoxid\u00e1vel detet\u00e1vel e indetet\u00e1vel<\/li><li>Revers\u00edvel para a m\u00e3o esquerda ou direita<\/li><li>Sistema flex\u00edvel e confort\u00e1vel de fecho de mola auto-ajust\u00e1vel que se adapta perfeitamente a todos os tamanhos de pulso<\/li><li>Estrutura totalmente met\u00e1lica, f\u00e1cil de lavar e desinfetar<\/li><li>Higi\u00e9nica, elimina eficazmente a contamina\u00e7\u00e3o dos alimentos<\/li><li>Punho dispon\u00edvel: 8cm, 15cm, 19cm, 22cm<\/li><li>Refor\u00e7os coloridos dispon\u00edveis, f\u00e1ceis de identificar o tamanho da luva<\/li><\/ul>\n\t\t\t\t\t<\/div>\n\t\t\t\t\t\t<\/div>\n\t\t\t\t<\/div>\n\t\t\t\t\t<\/div>\n\t\t\t\t<\/div>\n\t\t\t\t<\/div>","protected":false},"excerpt":{"rendered":"<ul>\n<li>Est\u00e3o dispon\u00edveis em a\u00e7o inoxid\u00e1vel detet\u00e1vel e indetet\u00e1vel<\/li>\n<li>Revers\u00edvel para a m\u00e3o esquerda ou direita<\/li>\n<li>Sistema flex\u00edvel e confort\u00e1vel de fecho de mola auto-ajust\u00e1vel que se adapta perfeitamente a todos os tamanhos de pulso<\/li>\n<li>Estrutura totalmente met\u00e1lica, f\u00e1cil de lavar e desinfetar<\/li>\n<li>Higi\u00e9nica, elimina eficazmente a contamina\u00e7\u00e3o dos alimentos<\/li>\n<li>Punho dispon\u00edvel: 8cm, 15cm, 19cm, 22cm<\/li>\n<li>Refor\u00e7os coloridos dispon\u00edveis, f\u00e1ceis de identificar o tamanho da luva<\/li>\n<\/ul>","protected":false},"featured_media":10786,"template":"","meta":[],"product_brand":[],"product_cat":[108,131],"product_tag":[127,133],"class_list":{"0":"post-10822","1":"product","2":"type-product","3":"status-publish","4":"has-post-thumbnail","6":"product_cat-stainless-steel-mesh-gloves","7":"product_cat-five-finger-glove-with-extended-cuff","8":"product_tag-glove","9":"product_tag-five-finger","11":"first","12":"instock","13":"shipping-taxable","14":"product-type-simple"},"_links":{"self":[{"href":"https:\/\/u-safe.net\/pt\/wp-json\/wp\/v2\/product\/10822","targetHints":{"allow":["GET"]}}],"collection":[{"href":"https:\/\/u-safe.net\/pt\/wp-json\/wp\/v2\/product"}],"about":[{"href":"https:\/\/u-safe.net\/pt\/wp-json\/wp\/v2\/types\/product"}],"version-history":[{"count":32,"href":"https:\/\/u-safe.net\/pt\/wp-json\/wp\/v2\/product\/10822\/revisions"}],"predecessor-version":[{"id":11958,"href":"https:\/\/u-safe.net\/pt\/wp-json\/wp\/v2\/product\/10822\/revisions\/11958"}],"wp:featuredmedia":[{"embeddable":true,"href":"https:\/\/u-safe.net\/pt\/wp-json\/wp\/v2\/media\/10786"}],"wp:attachment":[{"href":"https:\/\/u-safe.net\/pt\/wp-json\/wp\/v2\/media?parent=10822"}],"wp:term":[{"taxonomy":"product_brand","embeddable":true,"href":"https:\/\/u-safe.net\/pt\/wp-json\/wp\/v2\/product_brand?post=10822"},{"taxonomy":"product_cat","embeddable":true,"href":"https:\/\/u-safe.net\/pt\/wp-json\/wp\/v2\/product_cat?post=10822"},{"taxonomy":"product_tag","embeddable":true,"href":"https:\/\/u-safe.net\/pt\/wp-json\/wp\/v2\/product_tag?post=10822"}],"curies":[{"name":"wp","href":"https:\/\/api.w.org\/{rel}","templated":true}]}}