{"id":10784,"date":"2024-12-07T11:20:59","date_gmt":"2024-12-07T03:20:59","guid":{"rendered":"https:\/\/u-safe.net\/?post_type=product&#038;p=10784"},"modified":"2025-01-10T18:32:04","modified_gmt":"2025-01-10T10:32:04","slug":"five-finger-glove-with-extended-cuff-textile-strap","status":"publish","type":"product","link":"https:\/\/u-safe.net\/pt\/produto\/five-finger-glove-with-extended-cuff-textile-strap\/","title":{"rendered":"Luva de Cinco Dedos com Punho Alargado Correia em T\u00eaxtil"},"content":{"rendered":"<div data-elementor-type=\"wp-post\" data-elementor-id=\"10784\" class=\"elementor elementor-10784\">\n\t\t\t\t<div class=\"wd-negative-gap elementor-element elementor-element-a7516ec e-flex e-con-boxed e-con e-parent\" data-id=\"a7516ec\" data-element_type=\"container\" data-e-type=\"container\">\n\t\t\t\t\t<div class=\"e-con-inner\">\n\t\t<div class=\"elementor-element elementor-element-c5d0bf8 e-con-full e-flex e-con e-child\" data-id=\"c5d0bf8\" data-element_type=\"container\" data-e-type=\"container\">\n\t\t\t\t<div class=\"elementor-element elementor-element-a4fd75b elementor-widget elementor-widget-wd_text_block\" data-id=\"a4fd75b\" data-element_type=\"widget\" data-e-type=\"widget\" data-widget_type=\"wd_text_block.default\">\n\t\t\t\t<div class=\"elementor-widget-container\">\n\t\t\t\t\t\t\t<div class=\"wd-text-block reset-last-child text-left\">\n\t\t\t\n\t\t\t<div class=\"elementor-element elementor-element-bdc50f5 e-con-full e-flex e-con e-child\" data-id=\"bdc50f5\" data-element_type=\"container\" data-settings=\"{&quot;background_background&quot;:&quot;classic&quot;}\"><div class=\"elementor-element elementor-element-e9dcb63 wd-width-100 elementor-widget elementor-widget-wd_title\" data-id=\"e9dcb63\" data-element_type=\"widget\" data-widget_type=\"wd_title.default\"><div class=\"elementor-widget-container\"><div class=\"title-wrapper wd-set-mb reset-last-child wd-title-color-default wd-title-style-default wd-title-size-default text-left\"><div class=\"liner-continer\"><ul><li>Certifica\u00e7\u00e3o CE<\/li><li>Est\u00e3o dispon\u00edveis em a\u00e7o inoxid\u00e1vel detet\u00e1vel e indetet\u00e1vel<\/li><li>Revers\u00edvel para a m\u00e3o esquerda ou direita<\/li><li>Pulseira t\u00eaxtil macia e confort\u00e1vel com fecho de press\u00e3o ajust\u00e1vel e fivela para se adaptar a todos os tamanhos de pulso<\/li><li>Punho dispon\u00edvel: 8cm, 15cm, 19cm, 22cm<\/li><li>Refor\u00e7os coloridos dispon\u00edveis, f\u00e1ceis de identificar o tamanho da luva<\/li><\/ul><\/div><\/div><\/div><\/div><\/div>\n\t\t\t\t\t<\/div>\n\t\t\t\t\t\t<\/div>\n\t\t\t\t<\/div>\n\t\t\t\t<\/div>\n\t\t\t\t\t<\/div>\n\t\t\t\t<\/div>\n\t\t\t\t<\/div>","protected":false},"excerpt":{"rendered":"<ul>\n<li>Certifica\u00e7\u00e3o CE<\/li>\n<li>Est\u00e3o dispon\u00edveis em a\u00e7o inoxid\u00e1vel detet\u00e1vel e indetet\u00e1vel<\/li>\n<li>Revers\u00edvel para a m\u00e3o esquerda ou direita<\/li>\n<li>Pulseira t\u00eaxtil macia e confort\u00e1vel com fecho de press\u00e3o ajust\u00e1vel e fivela para se adaptar a todos os tamanhos de pulso<\/li>\n<li>Punho dispon\u00edvel: 8cm, 15cm, 19cm, 22cm<\/li>\n<li>Refor\u00e7os coloridos dispon\u00edveis, f\u00e1ceis de identificar o tamanho da luva<\/li>\n<\/ul>","protected":false},"featured_media":11418,"template":"","meta":[],"product_brand":[],"product_cat":[108,131],"product_tag":[127],"class_list":{"0":"post-10784","1":"product","2":"type-product","3":"status-publish","4":"has-post-thumbnail","6":"product_cat-stainless-steel-mesh-gloves","7":"product_cat-five-finger-glove-with-extended-cuff","8":"product_tag-glove","10":"first","11":"instock","12":"shipping-taxable","13":"product-type-simple"},"_links":{"self":[{"href":"https:\/\/u-safe.net\/pt\/wp-json\/wp\/v2\/product\/10784","targetHints":{"allow":["GET"]}}],"collection":[{"href":"https:\/\/u-safe.net\/pt\/wp-json\/wp\/v2\/product"}],"about":[{"href":"https:\/\/u-safe.net\/pt\/wp-json\/wp\/v2\/types\/product"}],"version-history":[{"count":20,"href":"https:\/\/u-safe.net\/pt\/wp-json\/wp\/v2\/product\/10784\/revisions"}],"predecessor-version":[{"id":12064,"href":"https:\/\/u-safe.net\/pt\/wp-json\/wp\/v2\/product\/10784\/revisions\/12064"}],"wp:featuredmedia":[{"embeddable":true,"href":"https:\/\/u-safe.net\/pt\/wp-json\/wp\/v2\/media\/11418"}],"wp:attachment":[{"href":"https:\/\/u-safe.net\/pt\/wp-json\/wp\/v2\/media?parent=10784"}],"wp:term":[{"taxonomy":"product_brand","embeddable":true,"href":"https:\/\/u-safe.net\/pt\/wp-json\/wp\/v2\/product_brand?post=10784"},{"taxonomy":"product_cat","embeddable":true,"href":"https:\/\/u-safe.net\/pt\/wp-json\/wp\/v2\/product_cat?post=10784"},{"taxonomy":"product_tag","embeddable":true,"href":"https:\/\/u-safe.net\/pt\/wp-json\/wp\/v2\/product_tag?post=10784"}],"curies":[{"name":"wp","href":"https:\/\/api.w.org\/{rel}","templated":true}]}}