{"id":10739,"date":"2024-12-07T09:27:08","date_gmt":"2024-12-07T01:27:08","guid":{"rendered":"https:\/\/u-safe.net\/?post_type=product&#038;p=10739"},"modified":"2025-01-10T17:50:45","modified_gmt":"2025-01-10T09:50:45","slug":"five-finger-wrist-glove-with-plastic-strap","status":"publish","type":"product","link":"https:\/\/u-safe.net\/pt\/produto\/five-finger-wrist-glove-with-plastic-strap\/","title":{"rendered":"Luva de pulso de cinco dedos com tira de pl\u00e1stico"},"content":{"rendered":"<div data-elementor-type=\"wp-post\" data-elementor-id=\"10739\" class=\"elementor elementor-10739\">\n\t\t\t\t<div class=\"wd-negative-gap elementor-element elementor-element-95f8632 e-flex e-con-boxed e-con e-parent\" data-id=\"95f8632\" data-element_type=\"container\" data-e-type=\"container\">\n\t\t\t\t\t<div class=\"e-con-inner\">\n\t\t\t\t<div class=\"elementor-element elementor-element-00d4538 elementor-widget elementor-widget-wd_text_block\" data-id=\"00d4538\" data-element_type=\"widget\" data-e-type=\"widget\" data-widget_type=\"wd_text_block.default\">\n\t\t\t\t<div class=\"elementor-widget-container\">\n\t\t\t\t\t\t\t<div class=\"wd-text-block reset-last-child text-left\">\n\t\t\t\n\t\t\t<ul><li>Certifica\u00e7\u00e3o CE<\/li><li>Est\u00e3o dispon\u00edveis em a\u00e7o inoxid\u00e1vel detet\u00e1vel e indetet\u00e1vel<\/li><li>Revers\u00edvel para a m\u00e3o esquerda ou direita<\/li><li>C\u00f3digo de identifica\u00e7\u00e3o para servi\u00e7o de rastreio<\/li><li>Bracelete de pl\u00e1stico flex\u00edvel e confort\u00e1vel com fecho de press\u00e3o ajust\u00e1vel e fivela adapt\u00e1vel a todos os tamanhos de pulso<\/li><li>F\u00e1cil de lavar e desinfetar<\/li><li>Prote\u00e7\u00e3o total da m\u00e3o<\/li><\/ul>\n\t\t\t\t\t<\/div>\n\t\t\t\t\t\t<\/div>\n\t\t\t\t<\/div>\n\t\t\t\t\t<\/div>\n\t\t\t\t<\/div>\n\t\t\t\t<\/div>","protected":false},"excerpt":{"rendered":"<ul>\n<li>Certifica\u00e7\u00e3o CE<\/li>\n<li>Est\u00e3o dispon\u00edveis em a\u00e7o inoxid\u00e1vel detet\u00e1vel e indetet\u00e1vel<\/li>\n<li>Revers\u00edvel para a m\u00e3o esquerda ou direita<\/li>\n<li>C\u00f3digo de identifica\u00e7\u00e3o para servi\u00e7o de rastreio<\/li>\n<li>Bracelete de pl\u00e1stico flex\u00edvel e confort\u00e1vel com fecho de press\u00e3o ajust\u00e1vel e fivela adapt\u00e1vel a todos os tamanhos de pulso<\/li>\n<li>F\u00e1cil de lavar e desinfetar<\/li>\n<li>Prote\u00e7\u00e3o total da m\u00e3o<\/li>\n<\/ul>","protected":false},"featured_media":10742,"template":"","meta":[],"product_brand":[],"product_cat":[108,130],"product_tag":[],"class_list":{"0":"post-10739","1":"product","2":"type-product","3":"status-publish","4":"has-post-thumbnail","6":"product_cat-stainless-steel-mesh-gloves","7":"product_cat-five-finger-wrist-glove","9":"first","10":"instock","11":"featured","12":"shipping-taxable","13":"product-type-simple"},"_links":{"self":[{"href":"https:\/\/u-safe.net\/pt\/wp-json\/wp\/v2\/product\/10739","targetHints":{"allow":["GET"]}}],"collection":[{"href":"https:\/\/u-safe.net\/pt\/wp-json\/wp\/v2\/product"}],"about":[{"href":"https:\/\/u-safe.net\/pt\/wp-json\/wp\/v2\/types\/product"}],"version-history":[{"count":19,"href":"https:\/\/u-safe.net\/pt\/wp-json\/wp\/v2\/product\/10739\/revisions"}],"predecessor-version":[{"id":12035,"href":"https:\/\/u-safe.net\/pt\/wp-json\/wp\/v2\/product\/10739\/revisions\/12035"}],"wp:featuredmedia":[{"embeddable":true,"href":"https:\/\/u-safe.net\/pt\/wp-json\/wp\/v2\/media\/10742"}],"wp:attachment":[{"href":"https:\/\/u-safe.net\/pt\/wp-json\/wp\/v2\/media?parent=10739"}],"wp:term":[{"taxonomy":"product_brand","embeddable":true,"href":"https:\/\/u-safe.net\/pt\/wp-json\/wp\/v2\/product_brand?post=10739"},{"taxonomy":"product_cat","embeddable":true,"href":"https:\/\/u-safe.net\/pt\/wp-json\/wp\/v2\/product_cat?post=10739"},{"taxonomy":"product_tag","embeddable":true,"href":"https:\/\/u-safe.net\/pt\/wp-json\/wp\/v2\/product_tag?post=10739"}],"curies":[{"name":"wp","href":"https:\/\/api.w.org\/{rel}","templated":true}]}}