{"id":10704,"date":"2024-12-06T23:00:53","date_gmt":"2024-12-06T15:00:53","guid":{"rendered":"https:\/\/u-safe.net\/?post_type=product&#038;p=10704"},"modified":"2025-01-11T18:26:15","modified_gmt":"2025-01-11T10:26:15","slug":"three-finger-stainless-steel-safety-glove","status":"publish","type":"product","link":"https:\/\/u-safe.net\/pt\/produto\/three-finger-stainless-steel-safety-glove\/","title":{"rendered":"Luva de pulso para tr\u00eas dedos com tira de tecido"},"content":{"rendered":"<div data-elementor-type=\"wp-post\" data-elementor-id=\"10704\" class=\"elementor elementor-10704\">\n\t\t\t\t<div class=\"wd-negative-gap elementor-element elementor-element-9da8c6f e-flex e-con-boxed e-con e-parent\" data-id=\"9da8c6f\" data-element_type=\"container\" data-e-type=\"container\">\n\t\t\t\t\t<div class=\"e-con-inner\">\n\t\t\t\t<div class=\"elementor-element elementor-element-fc4955f elementor-widget elementor-widget-wd_text_block\" data-id=\"fc4955f\" data-element_type=\"widget\" data-e-type=\"widget\" data-widget_type=\"wd_text_block.default\">\n\t\t\t\t<div class=\"elementor-widget-container\">\n\t\t\t\t\t\t\t<div class=\"wd-text-block reset-last-child text-left\">\n\t\t\t\n\t\t\t<ul><li>Est\u00e3o dispon\u00edveis em a\u00e7o inoxid\u00e1vel detet\u00e1vel e indetet\u00e1vel\u00a0<\/li><li>Revers\u00edvel para a m\u00e3o esquerda ou direita<\/li><li>Prote\u00e7\u00e3o de pertin\u00eancia de tr\u00eas d\u00edgitos (polegar, indicador, dedo m\u00e9dio)<\/li><li>Pulseira t\u00eaxtil macia e confort\u00e1vel com fecho de press\u00e3o ajust\u00e1vel e fivela para se adaptar a todos os tamanhos de pulso<\/li><\/ul>\n\t\t\t\t\t<\/div>\n\t\t\t\t\t\t<\/div>\n\t\t\t\t<\/div>\n\t\t\t\t\t<\/div>\n\t\t\t\t<\/div>\n\t\t\t\t<\/div>","protected":false},"excerpt":{"rendered":"<ul>\n<li>Est\u00e3o dispon\u00edveis em a\u00e7o inoxid\u00e1vel detet\u00e1vel e indetet\u00e1vel<\/li>\n<li>Revers\u00edvel para a m\u00e3o esquerda ou direita<\/li>\n<li>Prote\u00e7\u00e3o de pertin\u00eancia de tr\u00eas d\u00edgitos (polegar, indicador, dedo m\u00e9dio)<\/li>\n<li>Pulseira t\u00eaxtil macia e confort\u00e1vel com fecho de press\u00e3o ajust\u00e1vel e fivela para se adaptar a todos os tamanhos de pulso<\/li>\n<\/ul>","protected":false},"featured_media":10705,"template":"","meta":[],"product_brand":[],"product_cat":[108,129],"product_tag":[127,128],"class_list":{"0":"post-10704","1":"product","2":"type-product","3":"status-publish","4":"has-post-thumbnail","6":"product_cat-stainless-steel-mesh-gloves","7":"product_cat-three-finger-wrist-glove","8":"product_tag-glove","9":"product_tag-three-finger","11":"first","12":"instock","13":"featured","14":"shipping-taxable","15":"product-type-simple"},"_links":{"self":[{"href":"https:\/\/u-safe.net\/pt\/wp-json\/wp\/v2\/product\/10704","targetHints":{"allow":["GET"]}}],"collection":[{"href":"https:\/\/u-safe.net\/pt\/wp-json\/wp\/v2\/product"}],"about":[{"href":"https:\/\/u-safe.net\/pt\/wp-json\/wp\/v2\/types\/product"}],"version-history":[{"count":12,"href":"https:\/\/u-safe.net\/pt\/wp-json\/wp\/v2\/product\/10704\/revisions"}],"predecessor-version":[{"id":12142,"href":"https:\/\/u-safe.net\/pt\/wp-json\/wp\/v2\/product\/10704\/revisions\/12142"}],"wp:featuredmedia":[{"embeddable":true,"href":"https:\/\/u-safe.net\/pt\/wp-json\/wp\/v2\/media\/10705"}],"wp:attachment":[{"href":"https:\/\/u-safe.net\/pt\/wp-json\/wp\/v2\/media?parent=10704"}],"wp:term":[{"taxonomy":"product_brand","embeddable":true,"href":"https:\/\/u-safe.net\/pt\/wp-json\/wp\/v2\/product_brand?post=10704"},{"taxonomy":"product_cat","embeddable":true,"href":"https:\/\/u-safe.net\/pt\/wp-json\/wp\/v2\/product_cat?post=10704"},{"taxonomy":"product_tag","embeddable":true,"href":"https:\/\/u-safe.net\/pt\/wp-json\/wp\/v2\/product_tag?post=10704"}],"curies":[{"name":"wp","href":"https:\/\/api.w.org\/{rel}","templated":true}]}}