{"id":11076,"date":"2024-12-11T17:07:09","date_gmt":"2024-12-11T09:07:09","guid":{"rendered":"https:\/\/u-safe.net\/?post_type=product&#038;p=11076"},"modified":"2025-01-11T21:28:14","modified_gmt":"2025-01-11T13:28:14","slug":"chain-mail-scrubber","status":"publish","type":"product","link":"https:\/\/u-safe.net\/fr\/produit\/chain-mail-scrubber\/","title":{"rendered":"Cotte de mailles"},"content":{"rendered":"<div data-elementor-type=\"wp-post\" data-elementor-id=\"11076\" class=\"elementor elementor-11076\">\n\t\t\t\t<div class=\"wd-negative-gap elementor-element elementor-element-32da6814 e-flex e-con-boxed e-con e-parent\" data-id=\"32da6814\" data-element_type=\"container\" data-e-type=\"container\">\n\t\t\t\t\t<div class=\"e-con-inner\">\n\t\t\t\t<div class=\"elementor-element elementor-element-1f78d0c4 color-scheme-inherit text-left elementor-widget elementor-widget-text-editor\" data-id=\"1f78d0c4\" data-element_type=\"widget\" data-e-type=\"widget\" data-widget_type=\"text-editor.default\">\n\t\t\t\t<div class=\"elementor-widget-container\">\n\t\t\t\t\t\t\t\t\t<ul><li>Permet un nettoyage facile de la casserole, sans endommager la surface.<\/li><li>Fabriqu\u00e9 en acier inoxydable 316L, de qualit\u00e9 alimentaire<\/li><li>Chaque anneau est soud\u00e9 individuellement et herm\u00e9tiquement.<\/li><li>Les joints de chaque anneau sont parfaitement scell\u00e9s, sans aucune rugosit\u00e9.<\/li><li>Large anneau de 7 mm de diam\u00e8tre, permettant d'\u00e9liminer facilement la contamination des aliments<\/li><li>La taille peut \u00eatre adapt\u00e9e \u00e0 vos besoins.<\/li><\/ul>\t\t\t\t\t\t\t\t<\/div>\n\t\t\t\t<\/div>\n\t\t\t\t\t<\/div>\n\t\t\t\t<\/div>\n\t\t\t\t<\/div>","protected":false},"excerpt":{"rendered":"<ul>\n<li>Permet un nettoyage facile de la casserole, sans endommager la surface.<\/li>\n<li>Fabriqu\u00e9 en acier inoxydable 316L, de qualit\u00e9 alimentaire<\/li>\n<li>Chaque anneau est soud\u00e9 individuellement et herm\u00e9tiquement.<\/li>\n<li>Les joints de chaque anneau sont parfaitement scell\u00e9s, sans aucune rugosit\u00e9.<\/li>\n<li>Large anneau de 7 mm de diam\u00e8tre, permettant d'\u00e9liminer facilement la contamination des aliments<\/li>\n<li>La taille peut \u00eatre adapt\u00e9e \u00e0 vos besoins.<\/li>\n<\/ul>","protected":false},"featured_media":11079,"template":"","meta":[],"product_brand":[],"product_cat":[125],"product_tag":[],"class_list":{"0":"post-11076","1":"product","2":"type-product","3":"status-publish","4":"has-post-thumbnail","6":"product_cat-stainless-steel-ring-mesh-other-products","8":"first","9":"instock","10":"shipping-taxable","11":"product-type-simple"},"_links":{"self":[{"href":"https:\/\/u-safe.net\/fr\/wp-json\/wp\/v2\/product\/11076","targetHints":{"allow":["GET"]}}],"collection":[{"href":"https:\/\/u-safe.net\/fr\/wp-json\/wp\/v2\/product"}],"about":[{"href":"https:\/\/u-safe.net\/fr\/wp-json\/wp\/v2\/types\/product"}],"version-history":[{"count":12,"href":"https:\/\/u-safe.net\/fr\/wp-json\/wp\/v2\/product\/11076\/revisions"}],"predecessor-version":[{"id":12182,"href":"https:\/\/u-safe.net\/fr\/wp-json\/wp\/v2\/product\/11076\/revisions\/12182"}],"wp:featuredmedia":[{"embeddable":true,"href":"https:\/\/u-safe.net\/fr\/wp-json\/wp\/v2\/media\/11079"}],"wp:attachment":[{"href":"https:\/\/u-safe.net\/fr\/wp-json\/wp\/v2\/media?parent=11076"}],"wp:term":[{"taxonomy":"product_brand","embeddable":true,"href":"https:\/\/u-safe.net\/fr\/wp-json\/wp\/v2\/product_brand?post=11076"},{"taxonomy":"product_cat","embeddable":true,"href":"https:\/\/u-safe.net\/fr\/wp-json\/wp\/v2\/product_cat?post=11076"},{"taxonomy":"product_tag","embeddable":true,"href":"https:\/\/u-safe.net\/fr\/wp-json\/wp\/v2\/product_tag?post=11076"}],"curies":[{"name":"wp","href":"https:\/\/api.w.org\/{rel}","templated":true}]}}