{"id":11037,"date":"2024-12-11T14:22:33","date_gmt":"2024-12-11T06:22:33","guid":{"rendered":"https:\/\/u-safe.net\/?post_type=product&#038;p=11037"},"modified":"2025-01-10T14:40:09","modified_gmt":"2025-01-10T06:40:09","slug":"glove-mitt","status":"publish","type":"product","link":"https:\/\/u-safe.net\/fr\/produit\/glove-mitt\/","title":{"rendered":"Moufle \u00e0 gants"},"content":{"rendered":"<div data-elementor-type=\"wp-post\" data-elementor-id=\"11037\" class=\"elementor elementor-11037\">\n\t\t\t\t<div class=\"wd-negative-gap elementor-element elementor-element-ce880a4 e-flex e-con-boxed e-con e-parent\" data-id=\"ce880a4\" data-element_type=\"container\" data-e-type=\"container\">\n\t\t\t\t\t<div class=\"e-con-inner\">\n\t\t\t\t<div class=\"elementor-element elementor-element-7855310 elementor-widget elementor-widget-wd_text_block\" data-id=\"7855310\" data-element_type=\"widget\" data-e-type=\"widget\" data-widget_type=\"wd_text_block.default\">\n\t\t\t\t<div class=\"elementor-widget-container\">\n\t\t\t\t\t\t\t<div class=\"wd-text-block reset-last-child text-left\">\n\t\t\t\n\t\t\t<ul><li>L'acier inoxydable d\u00e9tectable et ind\u00e9tectable est disponible<\/li><li>La structure enti\u00e8rement m\u00e9tallique facilite le lavage et la d\u00e9sinfection<\/li><li>Les anneaux en acier inoxydable sont soud\u00e9s individuellement pour une r\u00e9sistance, une flexibilit\u00e9 et une durabilit\u00e9 maximales.<\/li><li>La conception des moufles permet d'enfiler et d'enlever la main tr\u00e8s rapidement.<\/li><li>Fermeture \u00e0 bouton-pression sur la fente du gant pour la s\u00e9curit\u00e9 des mains<\/li><li>Id\u00e9al pour les personnes travaillant dans les grandes cha\u00eenes de restaurants qui coupent du pain frais tous les jours pour la s\u00e9curit\u00e9 des mains.<\/li><\/ul>\n\t\t\t\t\t<\/div>\n\t\t\t\t\t\t<\/div>\n\t\t\t\t<\/div>\n\t\t\t\t\t<\/div>\n\t\t\t\t<\/div>\n\t\t\t\t<\/div>","protected":false},"excerpt":{"rendered":"<ul>\n<li>L'acier inoxydable d\u00e9tectable et ind\u00e9tectable est disponible<\/li>\n<li>La structure enti\u00e8rement m\u00e9tallique facilite le lavage et la d\u00e9sinfection<\/li>\n<li>Les anneaux en acier inoxydable sont soud\u00e9s individuellement pour une r\u00e9sistance, une flexibilit\u00e9 et une durabilit\u00e9 maximales.<\/li>\n<li>La conception des moufles permet d'enfiler et d'enlever la main tr\u00e8s rapidement.<\/li>\n<li>Fermeture \u00e0 bouton-pression sur la fente du gant pour la s\u00e9curit\u00e9 des mains<\/li>\n<li>Id\u00e9al pour les personnes travaillant dans les grandes cha\u00eenes de restaurants qui coupent du pain frais tous les jours pour la s\u00e9curit\u00e9 des mains.<\/li>\n<\/ul>","protected":false},"featured_media":11429,"template":"","meta":[],"product_brand":[],"product_cat":[108,132],"product_tag":[],"class_list":{"0":"post-11037","1":"product","2":"type-product","3":"status-publish","4":"has-post-thumbnail","6":"product_cat-stainless-steel-mesh-gloves","7":"product_cat-special-gloves","9":"first","10":"instock","11":"shipping-taxable","12":"product-type-simple"},"_links":{"self":[{"href":"https:\/\/u-safe.net\/fr\/wp-json\/wp\/v2\/product\/11037","targetHints":{"allow":["GET"]}}],"collection":[{"href":"https:\/\/u-safe.net\/fr\/wp-json\/wp\/v2\/product"}],"about":[{"href":"https:\/\/u-safe.net\/fr\/wp-json\/wp\/v2\/types\/product"}],"version-history":[{"count":15,"href":"https:\/\/u-safe.net\/fr\/wp-json\/wp\/v2\/product\/11037\/revisions"}],"predecessor-version":[{"id":11991,"href":"https:\/\/u-safe.net\/fr\/wp-json\/wp\/v2\/product\/11037\/revisions\/11991"}],"wp:featuredmedia":[{"embeddable":true,"href":"https:\/\/u-safe.net\/fr\/wp-json\/wp\/v2\/media\/11429"}],"wp:attachment":[{"href":"https:\/\/u-safe.net\/fr\/wp-json\/wp\/v2\/media?parent=11037"}],"wp:term":[{"taxonomy":"product_brand","embeddable":true,"href":"https:\/\/u-safe.net\/fr\/wp-json\/wp\/v2\/product_brand?post=11037"},{"taxonomy":"product_cat","embeddable":true,"href":"https:\/\/u-safe.net\/fr\/wp-json\/wp\/v2\/product_cat?post=11037"},{"taxonomy":"product_tag","embeddable":true,"href":"https:\/\/u-safe.net\/fr\/wp-json\/wp\/v2\/product_tag?post=11037"}],"curies":[{"name":"wp","href":"https:\/\/api.w.org\/{rel}","templated":true}]}}