{"id":10750,"date":"2024-12-07T10:41:25","date_gmt":"2024-12-07T02:41:25","guid":{"rendered":"https:\/\/u-safe.net\/?post_type=product&#038;p=10750"},"modified":"2025-01-10T14:15:44","modified_gmt":"2025-01-10T06:15:44","slug":"five-finger-wrist-glove-with-spring-strap","status":"publish","type":"product","link":"https:\/\/u-safe.net\/fr\/produit\/five-finger-wrist-glove-with-spring-strap\/","title":{"rendered":"Gant de poignet \u00e0 cinq doigts avec courroie \u00e0 ressort"},"content":{"rendered":"<div data-elementor-type=\"wp-post\" data-elementor-id=\"10750\" class=\"elementor elementor-10750\">\n\t\t\t\t<div class=\"wd-negative-gap elementor-element elementor-element-6f942b1 e-flex e-con-boxed e-con e-parent\" data-id=\"6f942b1\" data-element_type=\"container\" data-e-type=\"container\">\n\t\t\t\t\t<div class=\"e-con-inner\">\n\t\t\t\t<div class=\"elementor-element elementor-element-11a4b07 elementor-widget elementor-widget-wd_text_block\" data-id=\"11a4b07\" data-element_type=\"widget\" data-e-type=\"widget\" data-widget_type=\"wd_text_block.default\">\n\t\t\t\t<div class=\"elementor-widget-container\">\n\t\t\t\t\t\t\t<div class=\"wd-text-block reset-last-child text-left\">\n\t\t\t\n\t\t\t<ul><li>L'acier inoxydable d\u00e9tectable et ind\u00e9tectable est disponible<\/li><li>R\u00e9versible pour la main droite ou la main gauche<\/li><li>Code d'identification pour le service de suivi<\/li><li>Syst\u00e8me de fermeture \u00e0 ressort flexible et confortable qui s'adapte parfaitement \u00e0 toutes les tailles de poignet<\/li><li>Structure enti\u00e8rement m\u00e9tallique, pratique \u00e0 laver et \u00e0 d\u00e9sinfecter<\/li><li>Hygi\u00e8ne, \u00e9limination efficace de la contamination des aliments<\/li><li>Protection compl\u00e8te de la main<\/li><\/ul>\n\t\t\t\t\t<\/div>\n\t\t\t\t\t\t<\/div>\n\t\t\t\t<\/div>\n\t\t\t\t\t<\/div>\n\t\t\t\t<\/div>\n\t\t\t\t<\/div>","protected":false},"excerpt":{"rendered":"<ul>\n<li>L'acier inoxydable d\u00e9tectable et ind\u00e9tectable est disponible<\/li>\n<li>R\u00e9versible pour la main droite ou la main gauche<\/li>\n<li>Code d'identification pour le service de suivi<\/li>\n<li>Syst\u00e8me de fermeture \u00e0 ressort flexible et confortable qui s'adapte parfaitement \u00e0 toutes les tailles de poignet<\/li>\n<li>Structure enti\u00e8rement m\u00e9tallique, pratique \u00e0 laver et \u00e0 d\u00e9sinfecter<\/li>\n<li>Hygi\u00e8ne, \u00e9limination efficace de la contamination des aliments<\/li>\n<li>Protection compl\u00e8te de la main<\/li>\n<\/ul>","protected":false},"featured_media":10753,"template":"","meta":[],"product_brand":[],"product_cat":[108,130],"product_tag":[133],"class_list":{"0":"post-10750","1":"product","2":"type-product","3":"status-publish","4":"has-post-thumbnail","6":"product_cat-stainless-steel-mesh-gloves","7":"product_cat-five-finger-wrist-glove","8":"product_tag-five-finger","10":"first","11":"instock","12":"shipping-taxable","13":"product-type-simple"},"_links":{"self":[{"href":"https:\/\/u-safe.net\/fr\/wp-json\/wp\/v2\/product\/10750","targetHints":{"allow":["GET"]}}],"collection":[{"href":"https:\/\/u-safe.net\/fr\/wp-json\/wp\/v2\/product"}],"about":[{"href":"https:\/\/u-safe.net\/fr\/wp-json\/wp\/v2\/types\/product"}],"version-history":[{"count":10,"href":"https:\/\/u-safe.net\/fr\/wp-json\/wp\/v2\/product\/10750\/revisions"}],"predecessor-version":[{"id":11970,"href":"https:\/\/u-safe.net\/fr\/wp-json\/wp\/v2\/product\/10750\/revisions\/11970"}],"wp:featuredmedia":[{"embeddable":true,"href":"https:\/\/u-safe.net\/fr\/wp-json\/wp\/v2\/media\/10753"}],"wp:attachment":[{"href":"https:\/\/u-safe.net\/fr\/wp-json\/wp\/v2\/media?parent=10750"}],"wp:term":[{"taxonomy":"product_brand","embeddable":true,"href":"https:\/\/u-safe.net\/fr\/wp-json\/wp\/v2\/product_brand?post=10750"},{"taxonomy":"product_cat","embeddable":true,"href":"https:\/\/u-safe.net\/fr\/wp-json\/wp\/v2\/product_cat?post=10750"},{"taxonomy":"product_tag","embeddable":true,"href":"https:\/\/u-safe.net\/fr\/wp-json\/wp\/v2\/product_tag?post=10750"}],"curies":[{"name":"wp","href":"https:\/\/api.w.org\/{rel}","templated":true}]}}