{"id":10721,"date":"2024-12-07T08:40:50","date_gmt":"2024-12-07T00:40:50","guid":{"rendered":"https:\/\/u-safe.net\/?post_type=product&#038;p=10721"},"modified":"2025-01-11T18:27:02","modified_gmt":"2025-01-11T10:27:02","slug":"three-finger-wrist-glove-with-hook-strap","status":"publish","type":"product","link":"https:\/\/u-safe.net\/fr\/produit\/three-finger-wrist-glove-with-hook-strap\/","title":{"rendered":"Gant de poignet \u00e0 trois doigts avec sangle \u00e0 crochet"},"content":{"rendered":"<div data-elementor-type=\"wp-post\" data-elementor-id=\"10721\" class=\"elementor elementor-10721\">\n\t\t\t\t<div class=\"wd-negative-gap elementor-element elementor-element-9613795 e-flex e-con-boxed e-con e-parent\" data-id=\"9613795\" data-element_type=\"container\" data-e-type=\"container\">\n\t\t\t\t\t<div class=\"e-con-inner\">\n\t\t\t\t<div class=\"elementor-element elementor-element-f2e1ec9 elementor-widget elementor-widget-wd_text_block\" data-id=\"f2e1ec9\" data-element_type=\"widget\" data-e-type=\"widget\" data-widget_type=\"wd_text_block.default\">\n\t\t\t\t<div class=\"elementor-widget-container\">\n\t\t\t\t\t\t\t<div class=\"wd-text-block reset-last-child text-left\">\n\t\t\t\n\t\t\t<ul><li>L'acier inoxydable d\u00e9tectable et ind\u00e9tectable est disponible<\/li><li>R\u00e9versible pour la main droite ou la main gauche<\/li><li>Protection de la pertinence \u00e0 trois chiffres (pouce, index, majeur)<\/li><li>Conception enti\u00e8rement m\u00e9tallique, hygi\u00e9nique et pratique pour le lavage et la d\u00e9sinfection<\/li><li>Bracelet m\u00e9tallique \u00e0 crochet, s'adaptant \u00e0 toutes les tailles de poignet pour assurer le confort.<\/li><\/ul>\n\t\t\t\t\t<\/div>\n\t\t\t\t\t\t<\/div>\n\t\t\t\t<\/div>\n\t\t\t\t\t<\/div>\n\t\t\t\t<\/div>\n\t\t\t\t<\/div>","protected":false},"excerpt":{"rendered":"<ul>\n<li>L'acier inoxydable d\u00e9tectable et ind\u00e9tectable est disponible<\/li>\n<li>R\u00e9versible pour la main droite ou la main gauche<\/li>\n<li>Protection de la pertinence \u00e0 trois chiffres (pouce, index, majeur)<\/li>\n<li>Conception enti\u00e8rement m\u00e9tallique, hygi\u00e9nique et pratique pour le lavage et la d\u00e9sinfection<\/li>\n<li>Bracelet m\u00e9tallique \u00e0 crochet, s'adaptant \u00e0 toutes les tailles de poignet pour assurer le confort.<\/li>\n<\/ul>","protected":false},"featured_media":10722,"template":"","meta":[],"product_brand":[],"product_cat":[108,129],"product_tag":[],"class_list":{"0":"post-10721","1":"product","2":"type-product","3":"status-publish","4":"has-post-thumbnail","6":"product_cat-stainless-steel-mesh-gloves","7":"product_cat-three-finger-wrist-glove","9":"first","10":"instock","11":"featured","12":"shipping-taxable","13":"product-type-simple"},"_links":{"self":[{"href":"https:\/\/u-safe.net\/fr\/wp-json\/wp\/v2\/product\/10721","targetHints":{"allow":["GET"]}}],"collection":[{"href":"https:\/\/u-safe.net\/fr\/wp-json\/wp\/v2\/product"}],"about":[{"href":"https:\/\/u-safe.net\/fr\/wp-json\/wp\/v2\/types\/product"}],"version-history":[{"count":11,"href":"https:\/\/u-safe.net\/fr\/wp-json\/wp\/v2\/product\/10721\/revisions"}],"predecessor-version":[{"id":12143,"href":"https:\/\/u-safe.net\/fr\/wp-json\/wp\/v2\/product\/10721\/revisions\/12143"}],"wp:featuredmedia":[{"embeddable":true,"href":"https:\/\/u-safe.net\/fr\/wp-json\/wp\/v2\/media\/10722"}],"wp:attachment":[{"href":"https:\/\/u-safe.net\/fr\/wp-json\/wp\/v2\/media?parent=10721"}],"wp:term":[{"taxonomy":"product_brand","embeddable":true,"href":"https:\/\/u-safe.net\/fr\/wp-json\/wp\/v2\/product_brand?post=10721"},{"taxonomy":"product_cat","embeddable":true,"href":"https:\/\/u-safe.net\/fr\/wp-json\/wp\/v2\/product_cat?post=10721"},{"taxonomy":"product_tag","embeddable":true,"href":"https:\/\/u-safe.net\/fr\/wp-json\/wp\/v2\/product_tag?post=10721"}],"curies":[{"name":"wp","href":"https:\/\/api.w.org\/{rel}","templated":true}]}}