{"id":11076,"date":"2024-12-11T17:07:09","date_gmt":"2024-12-11T09:07:09","guid":{"rendered":"https:\/\/u-safe.net\/?post_type=product&#038;p=11076"},"modified":"2025-01-11T21:28:14","modified_gmt":"2025-01-11T13:28:14","slug":"chain-mail-scrubber","status":"publish","type":"product","link":"https:\/\/u-safe.net\/es\/producto\/chain-mail-scrubber\/","title":{"rendered":"Cubrepi\u00e9s de cota de malla"},"content":{"rendered":"<div data-elementor-type=\"wp-post\" data-elementor-id=\"11076\" class=\"elementor elementor-11076\">\n\t\t\t\t<div class=\"wd-negative-gap elementor-element elementor-element-32da6814 e-flex e-con-boxed e-con e-parent\" data-id=\"32da6814\" data-element_type=\"container\" data-e-type=\"container\">\n\t\t\t\t\t<div class=\"e-con-inner\">\n\t\t\t\t<div class=\"elementor-element elementor-element-1f78d0c4 color-scheme-inherit text-left elementor-widget elementor-widget-text-editor\" data-id=\"1f78d0c4\" data-element_type=\"widget\" data-e-type=\"widget\" data-widget_type=\"text-editor.default\">\n\t\t\t\t<div class=\"elementor-widget-container\">\n\t\t\t\t\t\t\t\t\t<ul><li>Proporciona una f\u00e1cil limpieza de la sart\u00e9n, sin da\u00f1ar la superficie<\/li><li>Fabricado en acero inoxidable 316L, apto para uso alimentario<\/li><li>Cada anillo est\u00e1 soldado individual y herm\u00e9ticamente<\/li><li>Las juntas de cada anillo est\u00e1n perfectamente selladas, sin ninguna rugosidad<\/li><li>Gran calibre del anillo de 7 mm de di\u00e1metro, f\u00e1cil de eliminar la contaminaci\u00f3n de los alimentos<\/li><li>El tama\u00f1o puede adaptarse a sus necesidades.<\/li><\/ul>\t\t\t\t\t\t\t\t<\/div>\n\t\t\t\t<\/div>\n\t\t\t\t\t<\/div>\n\t\t\t\t<\/div>\n\t\t\t\t<\/div>","protected":false},"excerpt":{"rendered":"<ul>\n<li>Proporciona una f\u00e1cil limpieza de la sart\u00e9n, sin da\u00f1ar la superficie<\/li>\n<li>Fabricado en acero inoxidable 316L, apto para uso alimentario<\/li>\n<li>Cada anillo est\u00e1 soldado individual y herm\u00e9ticamente<\/li>\n<li>Las juntas de cada anillo est\u00e1n perfectamente selladas, sin ninguna rugosidad<\/li>\n<li>Gran calibre del anillo de 7 mm de di\u00e1metro, f\u00e1cil de eliminar la contaminaci\u00f3n de los alimentos<\/li>\n<li>El tama\u00f1o puede adaptarse a sus necesidades.<\/li>\n<\/ul>","protected":false},"featured_media":11079,"template":"","meta":[],"product_brand":[],"product_cat":[125],"product_tag":[],"class_list":{"0":"post-11076","1":"product","2":"type-product","3":"status-publish","4":"has-post-thumbnail","6":"product_cat-stainless-steel-ring-mesh-other-products","8":"first","9":"instock","10":"shipping-taxable","11":"product-type-simple"},"_links":{"self":[{"href":"https:\/\/u-safe.net\/es\/wp-json\/wp\/v2\/product\/11076","targetHints":{"allow":["GET"]}}],"collection":[{"href":"https:\/\/u-safe.net\/es\/wp-json\/wp\/v2\/product"}],"about":[{"href":"https:\/\/u-safe.net\/es\/wp-json\/wp\/v2\/types\/product"}],"version-history":[{"count":12,"href":"https:\/\/u-safe.net\/es\/wp-json\/wp\/v2\/product\/11076\/revisions"}],"predecessor-version":[{"id":12182,"href":"https:\/\/u-safe.net\/es\/wp-json\/wp\/v2\/product\/11076\/revisions\/12182"}],"wp:featuredmedia":[{"embeddable":true,"href":"https:\/\/u-safe.net\/es\/wp-json\/wp\/v2\/media\/11079"}],"wp:attachment":[{"href":"https:\/\/u-safe.net\/es\/wp-json\/wp\/v2\/media?parent=11076"}],"wp:term":[{"taxonomy":"product_brand","embeddable":true,"href":"https:\/\/u-safe.net\/es\/wp-json\/wp\/v2\/product_brand?post=11076"},{"taxonomy":"product_cat","embeddable":true,"href":"https:\/\/u-safe.net\/es\/wp-json\/wp\/v2\/product_cat?post=11076"},{"taxonomy":"product_tag","embeddable":true,"href":"https:\/\/u-safe.net\/es\/wp-json\/wp\/v2\/product_tag?post=11076"}],"curies":[{"name":"wp","href":"https:\/\/api.w.org\/{rel}","templated":true}]}}