{"id":10822,"date":"2024-12-07T11:31:40","date_gmt":"2024-12-07T03:31:40","guid":{"rendered":"https:\/\/u-safe.net\/?post_type=product&#038;p=10822"},"modified":"2025-01-10T14:08:37","modified_gmt":"2025-01-10T06:08:37","slug":"five-finger-glove-with-extended-cuff-spring-strap","status":"publish","type":"product","link":"https:\/\/u-safe.net\/es\/producto\/five-finger-glove-with-extended-cuff-spring-strap\/","title":{"rendered":"Guante de cinco dedos con pu\u00f1o extensible Correa de muelle"},"content":{"rendered":"<div data-elementor-type=\"wp-post\" data-elementor-id=\"10822\" class=\"elementor elementor-10822\">\n\t\t\t\t<div class=\"wd-negative-gap elementor-element elementor-element-2624da0 e-flex e-con-boxed e-con e-parent\" data-id=\"2624da0\" data-element_type=\"container\" data-e-type=\"container\">\n\t\t\t\t\t<div class=\"e-con-inner\">\n\t\t\t\t<div class=\"elementor-element elementor-element-b997c0f elementor-widget elementor-widget-wd_text_block\" data-id=\"b997c0f\" data-element_type=\"widget\" data-e-type=\"widget\" data-widget_type=\"wd_text_block.default\">\n\t\t\t\t<div class=\"elementor-widget-container\">\n\t\t\t\t\t\t\t<div class=\"wd-text-block reset-last-child text-left\">\n\t\t\t\n\t\t\t<ul><li>Disponible en acero inoxidable detectable e indetectable<\/li><li>Reversible para mano derecha o izquierda<\/li><li>Sistema de cierre de muelle autoajustable, flexible y c\u00f3modo, que se adapta perfectamente a todos los tama\u00f1os de mu\u00f1eca.<\/li><li>Estructura totalmente met\u00e1lica, c\u00f3moda de lavar y desinfectar<\/li><li>Higi\u00e9nico, elimina eficazmente la contaminaci\u00f3n de los alimentos<\/li><li>Brazalete disponible: 8cm, 15cm, 19cm, 22cm<\/li><li>Refuerzos de colores disponibles, f\u00e1ciles de identificar la talla del guante<\/li><\/ul>\n\t\t\t\t\t<\/div>\n\t\t\t\t\t\t<\/div>\n\t\t\t\t<\/div>\n\t\t\t\t\t<\/div>\n\t\t\t\t<\/div>\n\t\t\t\t<\/div>","protected":false},"excerpt":{"rendered":"<ul>\n<li>Disponible en acero inoxidable detectable e indetectable<\/li>\n<li>Reversible para mano derecha o izquierda<\/li>\n<li>Sistema de cierre de muelle autoajustable, flexible y c\u00f3modo, que se adapta perfectamente a todos los tama\u00f1os de mu\u00f1eca.<\/li>\n<li>Estructura totalmente met\u00e1lica, c\u00f3moda de lavar y desinfectar<\/li>\n<li>Higi\u00e9nico, elimina eficazmente la contaminaci\u00f3n de los alimentos<\/li>\n<li>Brazalete disponible: 8cm, 15cm, 19cm, 22cm<\/li>\n<li>Refuerzos de colores disponibles, f\u00e1ciles de identificar la talla del guante<\/li>\n<\/ul>","protected":false},"featured_media":10786,"template":"","meta":[],"product_brand":[],"product_cat":[108,131],"product_tag":[127,133],"class_list":{"0":"post-10822","1":"product","2":"type-product","3":"status-publish","4":"has-post-thumbnail","6":"product_cat-stainless-steel-mesh-gloves","7":"product_cat-five-finger-glove-with-extended-cuff","8":"product_tag-glove","9":"product_tag-five-finger","11":"first","12":"instock","13":"shipping-taxable","14":"product-type-simple"},"_links":{"self":[{"href":"https:\/\/u-safe.net\/es\/wp-json\/wp\/v2\/product\/10822","targetHints":{"allow":["GET"]}}],"collection":[{"href":"https:\/\/u-safe.net\/es\/wp-json\/wp\/v2\/product"}],"about":[{"href":"https:\/\/u-safe.net\/es\/wp-json\/wp\/v2\/types\/product"}],"version-history":[{"count":32,"href":"https:\/\/u-safe.net\/es\/wp-json\/wp\/v2\/product\/10822\/revisions"}],"predecessor-version":[{"id":11958,"href":"https:\/\/u-safe.net\/es\/wp-json\/wp\/v2\/product\/10822\/revisions\/11958"}],"wp:featuredmedia":[{"embeddable":true,"href":"https:\/\/u-safe.net\/es\/wp-json\/wp\/v2\/media\/10786"}],"wp:attachment":[{"href":"https:\/\/u-safe.net\/es\/wp-json\/wp\/v2\/media?parent=10822"}],"wp:term":[{"taxonomy":"product_brand","embeddable":true,"href":"https:\/\/u-safe.net\/es\/wp-json\/wp\/v2\/product_brand?post=10822"},{"taxonomy":"product_cat","embeddable":true,"href":"https:\/\/u-safe.net\/es\/wp-json\/wp\/v2\/product_cat?post=10822"},{"taxonomy":"product_tag","embeddable":true,"href":"https:\/\/u-safe.net\/es\/wp-json\/wp\/v2\/product_tag?post=10822"}],"curies":[{"name":"wp","href":"https:\/\/api.w.org\/{rel}","templated":true}]}}