{"id":10807,"date":"2024-12-07T11:28:21","date_gmt":"2024-12-07T03:28:21","guid":{"rendered":"https:\/\/u-safe.net\/?post_type=product&#038;p=10807"},"modified":"2025-01-10T18:28:45","modified_gmt":"2025-01-10T10:28:45","slug":"five-finger-glove-with-extended-cuff-hook-strap","status":"publish","type":"product","link":"https:\/\/u-safe.net\/es\/producto\/five-finger-glove-with-extended-cuff-hook-strap\/","title":{"rendered":"Guante de cinco dedos con pu\u00f1o extensible Correa de gancho"},"content":{"rendered":"<div data-elementor-type=\"wp-post\" data-elementor-id=\"10807\" class=\"elementor elementor-10807\">\n\t\t\t\t<div class=\"wd-negative-gap elementor-element elementor-element-a4c170d e-flex e-con-boxed e-con e-parent\" data-id=\"a4c170d\" data-element_type=\"container\" data-e-type=\"container\">\n\t\t\t\t\t<div class=\"e-con-inner\">\n\t\t\t\t<div class=\"elementor-element elementor-element-2e43cf0 elementor-widget elementor-widget-wd_text_block\" data-id=\"2e43cf0\" data-element_type=\"widget\" data-e-type=\"widget\" data-widget_type=\"wd_text_block.default\">\n\t\t\t\t<div class=\"elementor-widget-container\">\n\t\t\t\t\t\t\t<div class=\"wd-text-block reset-last-child text-left\">\n\t\t\t\n\t\t\t<div class=\"elementor-element elementor-element-bdc50f5 e-con-full e-flex e-con e-child\" data-id=\"bdc50f5\" data-element_type=\"container\" data-settings=\"{&quot;background_background&quot;:&quot;classic&quot;}\"><div class=\"elementor-element elementor-element-e9dcb63 wd-width-100 elementor-widget elementor-widget-wd_title\" data-id=\"e9dcb63\" data-element_type=\"widget\" data-widget_type=\"wd_title.default\"><div class=\"elementor-widget-container\"><div class=\"title-wrapper wd-set-mb reset-last-child wd-title-color-default wd-title-style-default wd-title-size-default text-left\"><div class=\"liner-continer\"><ul><li>Certificaci\u00f3n CE<\/li><li>Disponible en acero inoxidable detectable e indetectable<\/li><li>Reversible para mano derecha o izquierda<\/li><li>Correa de malla de acero inoxidable flexible y c\u00f3moda con sistema de cierre de gancho de 2 v\u00edas que se adapta a todos los tama\u00f1os de mu\u00f1eca<\/li><li>Brazalete disponible: 8cm, 15cm, 19cm, 22cm<\/li><li>Refuerzos de colores disponibles, f\u00e1ciles de identificar la talla del guante<\/li><\/ul><\/div><\/div><\/div><\/div><\/div>\n\t\t\t\t\t<\/div>\n\t\t\t\t\t\t<\/div>\n\t\t\t\t<\/div>\n\t\t\t\t\t<\/div>\n\t\t\t\t<\/div>\n\t\t\t\t<\/div>","protected":false},"excerpt":{"rendered":"<ul>\n<li>Certificaci\u00f3n CE<\/li>\n<li>Disponible en acero inoxidable detectable e indetectable<\/li>\n<li>Reversible para mano derecha o izquierda<\/li>\n<li>Correa de malla de acero inoxidable flexible y c\u00f3moda con sistema de cierre de gancho de 2 v\u00edas que se adapta a todos los tama\u00f1os de mu\u00f1eca<\/li>\n<li>Brazalete disponible: 8cm, 15cm, 19cm, 22cm<\/li>\n<li>Refuerzos de colores disponibles, f\u00e1ciles de identificar la talla del guante<\/li>\n<\/ul>","protected":false},"featured_media":10809,"template":"","meta":[],"product_brand":[],"product_cat":[108,131],"product_tag":[127,133],"class_list":{"0":"post-10807","1":"product","2":"type-product","3":"status-publish","4":"has-post-thumbnail","6":"product_cat-stainless-steel-mesh-gloves","7":"product_cat-five-finger-glove-with-extended-cuff","8":"product_tag-glove","9":"product_tag-five-finger","11":"first","12":"instock","13":"featured","14":"shipping-taxable","15":"product-type-simple"},"_links":{"self":[{"href":"https:\/\/u-safe.net\/es\/wp-json\/wp\/v2\/product\/10807","targetHints":{"allow":["GET"]}}],"collection":[{"href":"https:\/\/u-safe.net\/es\/wp-json\/wp\/v2\/product"}],"about":[{"href":"https:\/\/u-safe.net\/es\/wp-json\/wp\/v2\/types\/product"}],"version-history":[{"count":18,"href":"https:\/\/u-safe.net\/es\/wp-json\/wp\/v2\/product\/10807\/revisions"}],"predecessor-version":[{"id":12058,"href":"https:\/\/u-safe.net\/es\/wp-json\/wp\/v2\/product\/10807\/revisions\/12058"}],"wp:featuredmedia":[{"embeddable":true,"href":"https:\/\/u-safe.net\/es\/wp-json\/wp\/v2\/media\/10809"}],"wp:attachment":[{"href":"https:\/\/u-safe.net\/es\/wp-json\/wp\/v2\/media?parent=10807"}],"wp:term":[{"taxonomy":"product_brand","embeddable":true,"href":"https:\/\/u-safe.net\/es\/wp-json\/wp\/v2\/product_brand?post=10807"},{"taxonomy":"product_cat","embeddable":true,"href":"https:\/\/u-safe.net\/es\/wp-json\/wp\/v2\/product_cat?post=10807"},{"taxonomy":"product_tag","embeddable":true,"href":"https:\/\/u-safe.net\/es\/wp-json\/wp\/v2\/product_tag?post=10807"}],"curies":[{"name":"wp","href":"https:\/\/api.w.org\/{rel}","templated":true}]}}