{"id":10767,"date":"2024-12-07T10:53:28","date_gmt":"2024-12-07T02:53:28","guid":{"rendered":"https:\/\/u-safe.net\/?post_type=product&#038;p=10767"},"modified":"2025-01-11T18:28:07","modified_gmt":"2025-01-11T10:28:07","slug":"five-finger-glove-with-extended-cuff-slaughterhouse","status":"publish","type":"product","link":"https:\/\/u-safe.net\/es\/producto\/five-finger-glove-with-extended-cuff-slaughterhouse\/","title":{"rendered":"Guante de cinco dedos con pu\u00f1o extendido Correa de pl\u00e1stico"},"content":{"rendered":"<div data-elementor-type=\"wp-post\" data-elementor-id=\"10767\" class=\"elementor elementor-10767\">\n\t\t\t\t<div class=\"wd-negative-gap elementor-element elementor-element-678ba5d e-flex e-con-boxed e-con e-parent\" data-id=\"678ba5d\" data-element_type=\"container\" data-e-type=\"container\">\n\t\t\t\t\t<div class=\"e-con-inner\">\n\t\t\t\t<div class=\"elementor-element elementor-element-3d4561f elementor-widget elementor-widget-wd_text_block\" data-id=\"3d4561f\" data-element_type=\"widget\" data-e-type=\"widget\" data-widget_type=\"wd_text_block.default\">\n\t\t\t\t<div class=\"elementor-widget-container\">\n\t\t\t\t\t\t\t<div class=\"wd-text-block reset-last-child text-left\">\n\t\t\t\n\t\t\t<ul><li>Certificaci\u00f3n CE<\/li><li>Disponible en acero inoxidable detectable e indetectable<\/li><li>Reversible para mano derecha o izquierda<\/li><li>C\u00f3digo de identificaci\u00f3n para servicio de seguimiento<\/li><li>Correa de pl\u00e1stico flexible y c\u00f3moda con cierre de bot\u00f3n a presi\u00f3n ajustable y hebilla adaptable que se adapta a todos los tama\u00f1os de mu\u00f1eca<\/li><li>Brazalete disponible: 8cm, 15cm, 19cm, 22cm<\/li><li>Refuerzos de colores disponibles, f\u00e1ciles de identificar la talla del guante<\/li><\/ul>\n\t\t\t\t\t<\/div>\n\t\t\t\t\t\t<\/div>\n\t\t\t\t<\/div>\n\t\t\t\t\t<\/div>\n\t\t\t\t<\/div>\n\t\t\t\t<\/div>","protected":false},"excerpt":{"rendered":"<ul>\n<li>Certificaci\u00f3n CE<\/li>\n<li>Disponible en acero inoxidable detectable e indetectable<\/li>\n<li>Reversible para mano derecha o izquierda<\/li>\n<li>C\u00f3digo de identificaci\u00f3n para servicio de seguimiento<\/li>\n<li>Correa de pl\u00e1stico flexible y c\u00f3moda con cierre de bot\u00f3n a presi\u00f3n ajustable y hebilla adaptable que se adapta a todos los tama\u00f1os de mu\u00f1eca<\/li>\n<li>Brazalete disponible: 8cm, 15cm, 19cm, 22cm<\/li>\n<li>Refuerzos de colores disponibles, f\u00e1ciles de identificar la talla del guante<\/li>\n<\/ul>","protected":false},"featured_media":10768,"template":"","meta":[],"product_brand":[],"product_cat":[108,131],"product_tag":[133],"class_list":{"0":"post-10767","1":"product","2":"type-product","3":"status-publish","4":"has-post-thumbnail","6":"product_cat-stainless-steel-mesh-gloves","7":"product_cat-five-finger-glove-with-extended-cuff","8":"product_tag-five-finger","10":"first","11":"instock","12":"shipping-taxable","13":"product-type-simple"},"_links":{"self":[{"href":"https:\/\/u-safe.net\/es\/wp-json\/wp\/v2\/product\/10767","targetHints":{"allow":["GET"]}}],"collection":[{"href":"https:\/\/u-safe.net\/es\/wp-json\/wp\/v2\/product"}],"about":[{"href":"https:\/\/u-safe.net\/es\/wp-json\/wp\/v2\/types\/product"}],"version-history":[{"count":18,"href":"https:\/\/u-safe.net\/es\/wp-json\/wp\/v2\/product\/10767\/revisions"}],"predecessor-version":[{"id":12144,"href":"https:\/\/u-safe.net\/es\/wp-json\/wp\/v2\/product\/10767\/revisions\/12144"}],"wp:featuredmedia":[{"embeddable":true,"href":"https:\/\/u-safe.net\/es\/wp-json\/wp\/v2\/media\/10768"}],"wp:attachment":[{"href":"https:\/\/u-safe.net\/es\/wp-json\/wp\/v2\/media?parent=10767"}],"wp:term":[{"taxonomy":"product_brand","embeddable":true,"href":"https:\/\/u-safe.net\/es\/wp-json\/wp\/v2\/product_brand?post=10767"},{"taxonomy":"product_cat","embeddable":true,"href":"https:\/\/u-safe.net\/es\/wp-json\/wp\/v2\/product_cat?post=10767"},{"taxonomy":"product_tag","embeddable":true,"href":"https:\/\/u-safe.net\/es\/wp-json\/wp\/v2\/product_tag?post=10767"}],"curies":[{"name":"wp","href":"https:\/\/api.w.org\/{rel}","templated":true}]}}