{"id":10727,"date":"2024-12-07T08:45:54","date_gmt":"2024-12-07T00:45:54","guid":{"rendered":"https:\/\/u-safe.net\/?post_type=product&#038;p=10727"},"modified":"2025-01-10T17:18:31","modified_gmt":"2025-01-10T09:18:31","slug":"five-finger-wrist-glove-with-textile-strap","status":"publish","type":"product","link":"https:\/\/u-safe.net\/es\/producto\/five-finger-wrist-glove-with-textile-strap\/","title":{"rendered":"Guante de cinco dedos con correa textil"},"content":{"rendered":"<div data-elementor-type=\"wp-post\" data-elementor-id=\"10727\" class=\"elementor elementor-10727\">\n\t\t\t\t<div class=\"wd-negative-gap elementor-element elementor-element-503d2af e-flex e-con-boxed e-con e-parent\" data-id=\"503d2af\" data-element_type=\"container\" data-e-type=\"container\">\n\t\t\t\t\t<div class=\"e-con-inner\">\n\t\t\t\t<div class=\"elementor-element elementor-element-86ede95 elementor-widget elementor-widget-wd_text_block\" data-id=\"86ede95\" data-element_type=\"widget\" data-e-type=\"widget\" data-widget_type=\"wd_text_block.default\">\n\t\t\t\t<div class=\"elementor-widget-container\">\n\t\t\t\t\t\t\t<div class=\"wd-text-block reset-last-child text-left\">\n\t\t\t\n\t\t\t<ul><li>Certificaci\u00f3n CE<\/li><li>Disponible en acero inoxidable detectable e indetectable<\/li><li>Reversible para mano derecha o izquierda<\/li><li>C\u00f3digo de identificaci\u00f3n para servicio de seguimiento<\/li><li>Correa textil flexible y c\u00f3moda con cierre de bot\u00f3n a presi\u00f3n ajustable y hebilla adaptable que se adapta a todos los tama\u00f1os de mu\u00f1eca.<\/li><li>Protecci\u00f3n total de la mano<\/li><\/ul>\n\t\t\t\t\t<\/div>\n\t\t\t\t\t\t<\/div>\n\t\t\t\t<\/div>\n\t\t\t\t\t<\/div>\n\t\t\t\t<\/div>\n\t\t\t\t<\/div>","protected":false},"excerpt":{"rendered":"<ul>\n<li>Certificaci\u00f3n CE<\/li>\n<li>Disponible en acero inoxidable detectable e indetectable<\/li>\n<li>Reversible para mano derecha o izquierda<\/li>\n<li>C\u00f3digo de identificaci\u00f3n para servicio de seguimiento<\/li>\n<li>Correa textil flexible y c\u00f3moda con cierre de bot\u00f3n a presi\u00f3n ajustable y hebilla adaptable que se adapta a todos los tama\u00f1os de mu\u00f1eca.<\/li>\n<li>Protecci\u00f3n total de la mano<\/li>\n<\/ul>","protected":false},"featured_media":10729,"template":"","meta":[],"product_brand":[],"product_cat":[108,130],"product_tag":[127],"class_list":{"0":"post-10727","1":"product","2":"type-product","3":"status-publish","4":"has-post-thumbnail","6":"product_cat-stainless-steel-mesh-gloves","7":"product_cat-five-finger-wrist-glove","8":"product_tag-glove","10":"first","11":"instock","12":"featured","13":"shipping-taxable","14":"product-type-simple"},"_links":{"self":[{"href":"https:\/\/u-safe.net\/es\/wp-json\/wp\/v2\/product\/10727","targetHints":{"allow":["GET"]}}],"collection":[{"href":"https:\/\/u-safe.net\/es\/wp-json\/wp\/v2\/product"}],"about":[{"href":"https:\/\/u-safe.net\/es\/wp-json\/wp\/v2\/types\/product"}],"version-history":[{"count":18,"href":"https:\/\/u-safe.net\/es\/wp-json\/wp\/v2\/product\/10727\/revisions"}],"predecessor-version":[{"id":12004,"href":"https:\/\/u-safe.net\/es\/wp-json\/wp\/v2\/product\/10727\/revisions\/12004"}],"wp:featuredmedia":[{"embeddable":true,"href":"https:\/\/u-safe.net\/es\/wp-json\/wp\/v2\/media\/10729"}],"wp:attachment":[{"href":"https:\/\/u-safe.net\/es\/wp-json\/wp\/v2\/media?parent=10727"}],"wp:term":[{"taxonomy":"product_brand","embeddable":true,"href":"https:\/\/u-safe.net\/es\/wp-json\/wp\/v2\/product_brand?post=10727"},{"taxonomy":"product_cat","embeddable":true,"href":"https:\/\/u-safe.net\/es\/wp-json\/wp\/v2\/product_cat?post=10727"},{"taxonomy":"product_tag","embeddable":true,"href":"https:\/\/u-safe.net\/es\/wp-json\/wp\/v2\/product_tag?post=10727"}],"curies":[{"name":"wp","href":"https:\/\/api.w.org\/{rel}","templated":true}]}}